{"id":25,"date":"2015-03-24T16:32:57","date_gmt":"2015-03-24T14:32:57","guid":{"rendered":"http:\/\/www.skk-soest.de\/?page_id=25"},"modified":"2024-05-15T11:44:58","modified_gmt":"2024-05-15T09:44:58","slug":"anreise","status":"publish","type":"page","link":"https:\/\/www.skk-soest.de\/en\/anreise\/","title":{"rendered":"Your visit to the RAUM SCHROTH"},"content":{"rendered":"\n<p><strong>Exhibitions<\/strong><\/p>\n\n\n\n<p>RAUM SCHROTH\u00a0in the Museum Wilhelm Morgner<br>Thom\u00e4stra\u00dfe 1<br>59494 Soest \/ Germany<\/p>\n\n\n\n<p><\/p>\n\n\n\n<p><strong>Visiting hours<\/strong><\/p>\n\n\n\n<p>Tuesday, Wednesday and Friday 13 &#8211; 17 h<br>Thursday 13 &#8211; 19 h<br>Saturday + Sunday 11 &#8211; 17 h<\/p>\n\n\n\n<p><strong>On the coming holidays, the Museum Wilhelm Morgner with RAUM SCHROTH will be open for you as below:<\/strong><\/p>\n\n\n\n<p>Good Friday, 7 April: closed<br>Holy Saturday, 8 April: 11 a.m. &#8211; 5 p.m.<br>Easter Sunday, 9 April: 11 a.m. &#8211; 5 p.m.<br>Easter Monday, 10 April: closed<br>Monday, 1 May: closed<br>Thursday, 18 May (Ascension Day): 11 a.m. &#8211; 5 p.m.<br>Whit Sunday, 28 May: 11 a.m. &#8211; 5 p.m.<br>Whit Monday, 29 May: closed<br>Corpus Christi, 8 June: 11 a.m. &#8211; 5 p.m.<\/p>\n\n\n\n<p>Please note that from 1 April the museum entrance fee is \u20ac5 per person aged 18 and over. On the first Sunday of the month, admission is still free for all visitors. For more information on reductions, group rates, etc., please visit the <a href=\"https:\/\/www.soest.de\/bildung-kultur\/kultur\/museen\/museum-wilhelm-morgner\">website of the Museum Wilhelm Morgner<\/a>. <\/p>\n\n\n\n<p><\/p>\n\n\n<div class=\"wp-block-image\">\n<figure class=\"alignleft is-resized\"><a href=\"https:\/\/www.skk-soest.de\/wp-content\/uploads\/Flugzeug-steigent.png\"><img decoding=\"async\" src=\"https:\/\/www.skk-soest.de\/wp-content\/uploads\/Flugzeug-steigent.png\" alt=\"\" class=\"wp-image-4589\" style=\"width:45px\" width=\"45\" srcset=\"https:\/\/www.skk-soest.de\/wp-content\/uploads\/Flugzeug-steigent.png 266w, https:\/\/www.skk-soest.de\/wp-content\/uploads\/Flugzeug-steigent-180x180.png 180w, https:\/\/www.skk-soest.de\/wp-content\/uploads\/Flugzeug-steigent-100x100.png 100w, https:\/\/www.skk-soest.de\/wp-content\/uploads\/Flugzeug-steigent-250x252.png 250w, https:\/\/www.skk-soest.de\/wp-content\/uploads\/Flugzeug-steigent-150x150.png 150w\" sizes=\"(max-width: 266px) 100vw, 266px\" \/><\/a><\/figure>\n<\/div>\n\n\n<p><strong>Arrival<\/strong><br>D\u00fcsseldorf Int. (DUS)<br>approx. 1.5 h drive by car or train to Soest<\/p>\n\n\n\n<p>Paderborn-Lippstadt (PAD)<br>approx. 35 min. drive by car to Soest<br>approx. 1.5 h from PAD Bus\/train connection via Paderborn to Soest<\/p>\n\n\n\n<p>Dortmund (DTM)<br>approx. 35 min. by car to Soest<br>approx. 1 h from DTM Bus\/train connection via Holzwickede to Soest<\/p>\n\n\n<div class=\"wp-block-image\">\n<figure class=\"alignleft is-resized\"><a href=\"https:\/\/www.skk-soest.de\/wp-content\/uploads\/Zug.gif\"><img decoding=\"async\" src=\"https:\/\/www.skk-soest.de\/wp-content\/uploads\/Zug-150x150.gif\" alt=\"\" class=\"wp-image-4590\" style=\"width:45px\" width=\"45\" srcset=\"https:\/\/www.skk-soest.de\/wp-content\/uploads\/Zug-150x150.gif 150w, https:\/\/www.skk-soest.de\/wp-content\/uploads\/Zug-180x180.gif 180w, https:\/\/www.skk-soest.de\/wp-content\/uploads\/Zug-100x100.gif 100w, https:\/\/www.skk-soest.de\/wp-content\/uploads\/Zug-250x248.gif 250w\" sizes=\"(max-width: 150px) 100vw, 150px\" \/><\/a><\/figure>\n<\/div>\n\n\n<p>IC, RE, ERB stop Soest<br>from M\u00fcnster \/ Hamm, D\u00fcsseldorf \/ Dortmund, Cologne \/ Hagen, Kassel \/ Warburg<br>from station approx. 15 min. by foot, approx. 6 min. by taxi<\/p>\n\n\n<div class=\"wp-block-image\">\n<figure class=\"alignleft is-resized\"><a href=\"https:\/\/www.skk-soest.de\/wp-content\/uploads\/Auto-1.jpg\"><img decoding=\"async\" src=\"https:\/\/www.skk-soest.de\/wp-content\/uploads\/Auto-1-150x150.jpg\" alt=\"\" class=\"wp-image-4593\" style=\"width:45px\" width=\"45\" srcset=\"https:\/\/www.skk-soest.de\/wp-content\/uploads\/Auto-1-150x150.jpg 150w, https:\/\/www.skk-soest.de\/wp-content\/uploads\/Auto-1-180x180.jpg 180w, https:\/\/www.skk-soest.de\/wp-content\/uploads\/Auto-1-100x100.jpg 100w, https:\/\/www.skk-soest.de\/wp-content\/uploads\/Auto-1-250x248.jpg 250w, https:\/\/www.skk-soest.de\/wp-content\/uploads\/Auto-1.jpg 266w\" sizes=\"(max-width: 150px) 100vw, 150px\" \/><\/a><\/figure>\n<\/div>\n\n\n<p>From direction<br>Cologne, D\u00fcsseldorf, Frankfurt, Kassel: A44 to Soest exit,<br>Hanover, M\u00fcnster, Oberhausen: A2 to Hamm-Uentrop exit,<\/p>\n\n\n<div class=\"wp-block-image\">\n<figure class=\"alignleft is-resized\"><a href=\"https:\/\/www.skk-soest.de\/wp-content\/uploads\/Parkplatz-sw.jpg\"><img decoding=\"async\" src=\"https:\/\/www.skk-soest.de\/wp-content\/uploads\/Parkplatz-sw-150x150.jpg\" alt=\"\" class=\"wp-image-4600\" style=\"width:45px\" width=\"45\" srcset=\"https:\/\/www.skk-soest.de\/wp-content\/uploads\/Parkplatz-sw-150x150.jpg 150w, https:\/\/www.skk-soest.de\/wp-content\/uploads\/Parkplatz-sw-180x180.jpg 180w, https:\/\/www.skk-soest.de\/wp-content\/uploads\/Parkplatz-sw-100x100.jpg 100w, https:\/\/www.skk-soest.de\/wp-content\/uploads\/Parkplatz-sw-250x248.jpg 250w, https:\/\/www.skk-soest.de\/wp-content\/uploads\/Parkplatz-sw.jpg 266w\" sizes=\"(max-width: 150px) 100vw, 150px\" \/><\/a><\/figure>\n<\/div>\n\n\n<p>Direction Soest and then use the <a href=\"http:\/\/www.soest.de\/media\/parkleitsystem.pdf\" data-type=\"link\" data-id=\"http:\/\/www.soest.de\/media\/parkleitsystem.pdf\">parking guidance system of Soest<\/a>.<br>Free parking spaces at the museum are located on Thom\u00e4stra\u00dfe. The nearest paid parking spaces are on Thom\u00e4stra\u00dfe to the right of the museum. The nearest multi-storey car park is &#8220;Isenacker \/ P3&#8221; to the Wilhelm Morgner Museum, please note the opening hours there.<\/p>\n","protected":false},"excerpt":{"rendered":"<p>Exhibitions RAUM SCHROTH\u00a0in the Museum Wilhelm MorgnerThom\u00e4stra\u00dfe 159494 Soest \/ Germany Visiting hours Tuesday, Wednesday and Friday 13 &#8211; 17 hThursday 13 &#8211; 19 hSaturday + Sunday 11 &#8211; 17&#8230; <\/p>\n<div class=\"link-more\"><a href=\"https:\/\/www.skk-soest.de\/en\/anreise\/\">Read More<\/a><\/div>\n","protected":false},"author":1,"featured_media":0,"parent":0,"menu_order":3,"comment_status":"closed","ping_status":"open","template":"","meta":{"ngg_post_thumbnail":0,"footnotes":""},"class_list":["post-25","page","type-page","status-publish","hentry"],"translation":{"provider":"WPGlobus","version":"3.0.2","language":"en","enabled_languages":["de","en"],"languages":{"de":{"title":true,"content":true,"excerpt":false},"en":{"title":true,"content":true,"excerpt":false}}},"_links":{"self":[{"href":"https:\/\/www.skk-soest.de\/en\/wp-json\/wp\/v2\/pages\/25","targetHints":{"allow":["GET"]}}],"collection":[{"href":"https:\/\/www.skk-soest.de\/en\/wp-json\/wp\/v2\/pages"}],"about":[{"href":"https:\/\/www.skk-soest.de\/en\/wp-json\/wp\/v2\/types\/page"}],"author":[{"embeddable":true,"href":"https:\/\/www.skk-soest.de\/en\/wp-json\/wp\/v2\/users\/1"}],"replies":[{"embeddable":true,"href":"https:\/\/www.skk-soest.de\/en\/wp-json\/wp\/v2\/comments?post=25"}],"version-history":[{"count":43,"href":"https:\/\/www.skk-soest.de\/en\/wp-json\/wp\/v2\/pages\/25\/revisions"}],"predecessor-version":[{"id":5495,"href":"https:\/\/www.skk-soest.de\/en\/wp-json\/wp\/v2\/pages\/25\/revisions\/5495"}],"wp:attachment":[{"href":"https:\/\/www.skk-soest.de\/en\/wp-json\/wp\/v2\/media?parent=25"}],"curies":[{"name":"wp","href":"https:\/\/api.w.org\/{rel}","templated":true}]}}