{"id":31030,"date":"2025-09-26T15:04:13","date_gmt":"2025-09-26T13:04:13","guid":{"rendered":"https:\/\/www.skk-soest.de\/?page_id=31030"},"modified":"2025-10-06T11:18:41","modified_gmt":"2025-10-06T09:18:41","slug":"imprevu-vera-molnar","status":"publish","type":"page","link":"https:\/\/www.skk-soest.de\/en\/imprevu-vera-molnar\/","title":{"rendered":"Vera Molnar"},"content":{"rendered":"\n<p>Art theorist Eugen Gomringer has characterized Vera Molnar\u2018s work as \u201ca fingerprint of humanity: so many lives, so many different profiles\u201d. Molnar\u2018s \u0153uvre encompasses an almost inexhaustible diversity of creative means and forms of artistic expression. Besides geometric figures \u2013 led by the square \u2013 she has developed various series with her free use of line. She not only uses pen and pencil but also the computer. Molnar has worked with this technical aid for more than 40 years now. She describes the possibilities the computer offers to her in the following way: \u201cThanks to an immense number of possible combinations, the computer helps us with systematic research in the visual field, helping to free the painter from cultural \u201aready mades\u2018 and find combinations of forms never seen before, in nature or museums: it helps us to produce inconceivable images.\u201d [\u2026]<br>Vera Molnar studied painting, as well as art history and aesthetics at the College of Fine Art in Budapest from 1942 to 1947.<br>She produced her first computer graphics as early as 1968. From 1974 to 1976 she developed her own software program \u201cMolnArt\u201d. [\u2026] She is regarded as an international pioneer of Computer Art and received the first \u201cd.velop digital art award\u201d (ddaa) for her life\u2018s work in 2005. In 2007 she was awarded the \u201cOrdre des Arts et des Lettres\u201d. In 2012 she received the French award \u201cChevalier de l\u2018ordre de la L\u00e9gion d\u2018honneur\u201d and the Hungarian \u201cOrdre du M\u00e8rite\u201d.1<\/p>\n\n\n\n<p>Dirk Martin<br>\u00dcbersetzung Lucinda Rennison<\/p>\n\n\n\n<p>1 Auszug aus: Dirk Martin, \u201eVera Molnar\u201c, Neuzug\u00e4nge IV. Information, Ausst.-Kat. Kloster Wedinghausen, hg. v. SAMMLUNG SCHROTH, Soest 2012, S. [106].<\/p>\n\n\n\n<p><a href=\"http:\/\/www.veramolnar.com\">www.veramolnar.com<\/a><\/p>\n\n\n\n<div class=\"wp-block-columns is-layout-flex wp-container-core-columns-is-layout-9d6595d7 wp-block-columns-is-layout-flex\">\n<div class=\"wp-block-column is-layout-flow wp-block-column-is-layout-flow\">\n<div class=\"wp-block-media-text is-stacked-on-mobile\"><figure class=\"wp-block-media-text__media\"><img loading=\"lazy\" decoding=\"async\" width=\"625\" height=\"625\" src=\"https:\/\/www.skk-soest.de\/wp-content\/uploads\/VM.jpg\" alt=\"\" class=\"wp-image-31106 size-full\" srcset=\"https:\/\/www.skk-soest.de\/wp-content\/uploads\/VM.jpg 625w, https:\/\/www.skk-soest.de\/wp-content\/uploads\/VM-300x300.jpg 300w, https:\/\/www.skk-soest.de\/wp-content\/uploads\/VM-150x150.jpg 150w, https:\/\/www.skk-soest.de\/wp-content\/uploads\/VM-180x180.jpg 180w, https:\/\/www.skk-soest.de\/wp-content\/uploads\/VM-250x250.jpg 250w, https:\/\/www.skk-soest.de\/wp-content\/uploads\/VM-100x100.jpg 100w\" sizes=\"auto, (max-width: 625px) 100vw, 625px\" \/><\/figure><div class=\"wp-block-media-text__content\">\n<p>4 rectangles \u00e1 la regle d\u2018or<br>2004<br>Serigrafie auf Aluminium<br>50 x 50 cm<br>Kunstmuseum Ahlen, Dauerleihgabe Theodor F. Leifeld-Stiftung, Sammlung Speth-Lage<\/p>\n<\/div><\/div>\n<\/div>\n\n\n\n<div class=\"wp-block-column is-layout-flow wp-block-column-is-layout-flow\">\n<div class=\"wp-block-media-text is-stacked-on-mobile\"><figure class=\"wp-block-media-text__media\"><img loading=\"lazy\" decoding=\"async\" width=\"625\" height=\"625\" src=\"https:\/\/www.skk-soest.de\/wp-content\/uploads\/VM.jpg\" alt=\"\" class=\"wp-image-31106 size-full\" srcset=\"https:\/\/www.skk-soest.de\/wp-content\/uploads\/VM.jpg 625w, https:\/\/www.skk-soest.de\/wp-content\/uploads\/VM-300x300.jpg 300w, https:\/\/www.skk-soest.de\/wp-content\/uploads\/VM-150x150.jpg 150w, https:\/\/www.skk-soest.de\/wp-content\/uploads\/VM-180x180.jpg 180w, https:\/\/www.skk-soest.de\/wp-content\/uploads\/VM-250x250.jpg 250w, https:\/\/www.skk-soest.de\/wp-content\/uploads\/VM-100x100.jpg 100w\" sizes=\"auto, (max-width: 625px) 100vw, 625px\" \/><\/figure><div class=\"wp-block-media-text__content\">\n<p>Vera Molnar<br>Carr\u00e8s D\u00e9voy\u00e9s sur fond jaune | 2000<br>Carr\u00e8s D\u00e9voy\u00e9s sur fond jaune<br>16-tlg., je 19 x 19 cm, freie Ausrichtung und Anordnung<br>galerie linde hollinger, Ladenburg<\/p>\n<\/div><\/div>\n<\/div>\n<\/div>\n\n\n\n<div class=\"wp-block-columns is-layout-flex wp-container-core-columns-is-layout-9d6595d7 wp-block-columns-is-layout-flex\">\n<div class=\"wp-block-column is-layout-flow wp-block-column-is-layout-flow\">\n<div class=\"wp-block-media-text is-stacked-on-mobile\"><figure class=\"wp-block-media-text__media\"><img loading=\"lazy\" decoding=\"async\" width=\"625\" height=\"625\" src=\"https:\/\/www.skk-soest.de\/wp-content\/uploads\/VM.jpg\" alt=\"\" class=\"wp-image-31106 size-full\" srcset=\"https:\/\/www.skk-soest.de\/wp-content\/uploads\/VM.jpg 625w, https:\/\/www.skk-soest.de\/wp-content\/uploads\/VM-300x300.jpg 300w, https:\/\/www.skk-soest.de\/wp-content\/uploads\/VM-150x150.jpg 150w, https:\/\/www.skk-soest.de\/wp-content\/uploads\/VM-180x180.jpg 180w, https:\/\/www.skk-soest.de\/wp-content\/uploads\/VM-250x250.jpg 250w, https:\/\/www.skk-soest.de\/wp-content\/uploads\/VM-100x100.jpg 100w\" sizes=\"auto, (max-width: 625px) 100vw, 625px\" \/><\/figure><div class=\"wp-block-media-text__content\">\n<p>DES QUARTS-A (du cycle: Albers, autrement) | 2013<br>Acryl auf Leinwand<br>Diptychon, je 100 x 100 cm<br>galerie linde hollinger, Ladenburg<\/p>\n<\/div><\/div>\n<\/div>\n\n\n\n<div class=\"wp-block-column is-layout-flow wp-block-column-is-layout-flow\">\n<div class=\"wp-block-media-text is-stacked-on-mobile\"><figure class=\"wp-block-media-text__media\"><img loading=\"lazy\" decoding=\"async\" width=\"625\" height=\"625\" src=\"https:\/\/www.skk-soest.de\/wp-content\/uploads\/VM.jpg\" alt=\"\" class=\"wp-image-31106 size-full\" srcset=\"https:\/\/www.skk-soest.de\/wp-content\/uploads\/VM.jpg 625w, https:\/\/www.skk-soest.de\/wp-content\/uploads\/VM-300x300.jpg 300w, https:\/\/www.skk-soest.de\/wp-content\/uploads\/VM-150x150.jpg 150w, https:\/\/www.skk-soest.de\/wp-content\/uploads\/VM-180x180.jpg 180w, https:\/\/www.skk-soest.de\/wp-content\/uploads\/VM-250x250.jpg 250w, https:\/\/www.skk-soest.de\/wp-content\/uploads\/VM-100x100.jpg 100w\" sizes=\"auto, (max-width: 625px) 100vw, 625px\" \/><\/figure><div class=\"wp-block-media-text__content\">\n<p>Albers, autrement \/ V-F<br>1988-2013<br>Acryl auf Leinwand<br>80 x 80 cm<br>galerie linde hollinger, Ladenburg<\/p>\n<\/div><\/div>\n<\/div>\n<\/div>\n\n\n\n<div class=\"wp-block-columns is-layout-flex wp-container-core-columns-is-layout-9d6595d7 wp-block-columns-is-layout-flex\">\n<div class=\"wp-block-column is-layout-flow wp-block-column-is-layout-flow\">\n<div class=\"wp-block-media-text is-stacked-on-mobile\"><figure class=\"wp-block-media-text__media\"><img loading=\"lazy\" decoding=\"async\" width=\"625\" height=\"625\" src=\"https:\/\/www.skk-soest.de\/wp-content\/uploads\/VM.jpg\" alt=\"\" class=\"wp-image-31106 size-full\" srcset=\"https:\/\/www.skk-soest.de\/wp-content\/uploads\/VM.jpg 625w, https:\/\/www.skk-soest.de\/wp-content\/uploads\/VM-300x300.jpg 300w, https:\/\/www.skk-soest.de\/wp-content\/uploads\/VM-150x150.jpg 150w, https:\/\/www.skk-soest.de\/wp-content\/uploads\/VM-180x180.jpg 180w, https:\/\/www.skk-soest.de\/wp-content\/uploads\/VM-250x250.jpg 250w, https:\/\/www.skk-soest.de\/wp-content\/uploads\/VM-100x100.jpg 100w\" sizes=\"auto, (max-width: 625px) 100vw, 625px\" \/><\/figure><div class=\"wp-block-media-text__content\">\n<p>Vera Molnar<br>Interstices | 1985-2019<br>Pigmenttinte auf Leinwand<br>25-tlg., je 40 x 40 x 4 cm<br>galerie linde hollinger, Ladenburg<\/p>\n<\/div><\/div>\n<\/div>\n\n\n\n<div class=\"wp-block-column is-layout-flow wp-block-column-is-layout-flow\">\n<div class=\"wp-block-media-text is-stacked-on-mobile\"><figure class=\"wp-block-media-text__media\"><img loading=\"lazy\" decoding=\"async\" width=\"625\" height=\"625\" src=\"https:\/\/www.skk-soest.de\/wp-content\/uploads\/VM.jpg\" alt=\"\" class=\"wp-image-31106 size-full\" srcset=\"https:\/\/www.skk-soest.de\/wp-content\/uploads\/VM.jpg 625w, https:\/\/www.skk-soest.de\/wp-content\/uploads\/VM-300x300.jpg 300w, https:\/\/www.skk-soest.de\/wp-content\/uploads\/VM-150x150.jpg 150w, https:\/\/www.skk-soest.de\/wp-content\/uploads\/VM-180x180.jpg 180w, https:\/\/www.skk-soest.de\/wp-content\/uploads\/VM-250x250.jpg 250w, https:\/\/www.skk-soest.de\/wp-content\/uploads\/VM-100x100.jpg 100w\" sizes=\"auto, (max-width: 625px) 100vw, 625px\" \/><\/figure><div class=\"wp-block-media-text__content\">\n<p>Vera Molnar<br>Schleifen \u2013 Boucles | 2001<br>Gouache auf Papier<br>5-tlg., je 7,5 x 7,5 cm<br>galerie linde hollinger, Ladenburg<\/p>\n<\/div><\/div>\n<\/div>\n<\/div>\n\n\n\n<div class=\"wp-block-columns is-layout-flex wp-container-core-columns-is-layout-9d6595d7 wp-block-columns-is-layout-flex\">\n<div class=\"wp-block-column is-layout-flow wp-block-column-is-layout-flow\">\n<div class=\"wp-block-media-text is-stacked-on-mobile\"><figure class=\"wp-block-media-text__media\"><img loading=\"lazy\" decoding=\"async\" width=\"625\" height=\"625\" src=\"https:\/\/www.skk-soest.de\/wp-content\/uploads\/VM.jpg\" alt=\"\" class=\"wp-image-31106 size-full\" srcset=\"https:\/\/www.skk-soest.de\/wp-content\/uploads\/VM.jpg 625w, https:\/\/www.skk-soest.de\/wp-content\/uploads\/VM-300x300.jpg 300w, https:\/\/www.skk-soest.de\/wp-content\/uploads\/VM-150x150.jpg 150w, https:\/\/www.skk-soest.de\/wp-content\/uploads\/VM-180x180.jpg 180w, https:\/\/www.skk-soest.de\/wp-content\/uploads\/VM-250x250.jpg 250w, https:\/\/www.skk-soest.de\/wp-content\/uploads\/VM-100x100.jpg 100w\" sizes=\"auto, (max-width: 625px) 100vw, 625px\" \/><\/figure><div class=\"wp-block-media-text__content\">\n<p>Quatre Moins Un, FN-1<br>1971-2012<br>Acryl auf Leinwand<br>80 x 80 cm<br>galerie linde hollinger, Ladenburg<\/p>\n<\/div><\/div>\n<\/div>\n\n\n\n<div class=\"wp-block-column is-layout-flow wp-block-column-is-layout-flow\"><\/div>\n<\/div>\n","protected":false},"excerpt":{"rendered":"<p>Art theorist Eugen Gomringer has characterized Vera Molnar\u2018s work as \u201ca fingerprint of humanity: so many lives, so many different profiles\u201d. Molnar\u2018s \u0153uvre encompasses an almost inexhaustible diversity of creative&#8230; <\/p>\n<div class=\"link-more\"><a href=\"https:\/\/www.skk-soest.de\/en\/imprevu-vera-molnar\/\">Read More<\/a><\/div>\n","protected":false},"author":1,"featured_media":0,"parent":0,"menu_order":0,"comment_status":"closed","ping_status":"closed","template":"","meta":{"ngg_post_thumbnail":0,"footnotes":""},"class_list":["post-31030","page","type-page","status-publish","hentry"],"translation":{"provider":"WPGlobus","version":"3.0.2","language":"en","enabled_languages":["de","en"],"languages":{"de":{"title":true,"content":true,"excerpt":false},"en":{"title":true,"content":true,"excerpt":false}}},"_links":{"self":[{"href":"https:\/\/www.skk-soest.de\/en\/wp-json\/wp\/v2\/pages\/31030","targetHints":{"allow":["GET"]}}],"collection":[{"href":"https:\/\/www.skk-soest.de\/en\/wp-json\/wp\/v2\/pages"}],"about":[{"href":"https:\/\/www.skk-soest.de\/en\/wp-json\/wp\/v2\/types\/page"}],"author":[{"embeddable":true,"href":"https:\/\/www.skk-soest.de\/en\/wp-json\/wp\/v2\/users\/1"}],"replies":[{"embeddable":true,"href":"https:\/\/www.skk-soest.de\/en\/wp-json\/wp\/v2\/comments?post=31030"}],"version-history":[{"count":9,"href":"https:\/\/www.skk-soest.de\/en\/wp-json\/wp\/v2\/pages\/31030\/revisions"}],"predecessor-version":[{"id":31657,"href":"https:\/\/www.skk-soest.de\/en\/wp-json\/wp\/v2\/pages\/31030\/revisions\/31657"}],"wp:attachment":[{"href":"https:\/\/www.skk-soest.de\/en\/wp-json\/wp\/v2\/media?parent=31030"}],"curies":[{"name":"wp","href":"https:\/\/api.w.org\/{rel}","templated":true}]}}