{"id":493,"date":"2016-08-17T11:23:13","date_gmt":"2016-08-17T09:23:13","guid":{"rendered":"http:\/\/www.skk-soest.de\/?page_id=493"},"modified":"2024-10-07T09:44:33","modified_gmt":"2024-10-07T07:44:33","slug":"impressum","status":"publish","type":"page","link":"https:\/\/www.skk-soest.de\/en\/impressum\/","title":{"rendered":"Site Notice"},"content":{"rendered":"\n<p>We kindly ask you to refrain from unsolicited postal deliveries. Please contact us by e-mail in advance to save time and money and to protect the environment. Thank you very much!<\/p>\n\n\n\n<p><strong>Information according to \u00a7 5 of the TMG<\/strong><\/p>\n\n\n\n<p>Stiftung Konzeptelle Kunst<br>Doyenweg 17<br>59494 Soest<\/p>\n\n\n\n<p><strong>Represented by:<\/strong><br>Carl-J\u00fcrgen Schroth<\/p>\n\n\n\n<p><strong>Contact<\/strong><br>Telefon: +49 (0) 2921 3542605<br>E-Mail: info@skk-soest.de<\/p>\n\n\n\n<p><strong>Responsible for the content according to \u00a7 55 Abs. 2 RStV<br><\/strong>Miriam Schroth<\/p>\n\n\n\n<p>We hereby expressly prohibit the storage, forwarding, use and utilisation of our contact data for commercial or advertising purposes.<\/p>\n\n\n\n<p><strong>Photo rights<\/strong><br>All rights are held by the respective collecting societies, artists, photographers and venues. And, if known, are named.<\/p>\n\n\n\n<h2 class=\"wp-block-heading\">EU dispute resolution<\/h2>\n\n\n\n<p>The European Commission provides a platform for online dispute resolution (ODR): <a href=\"https:\/\/ec.europa.eu\/consumers\/odr\/\" target=\"_blank\" rel=\"noreferrer noopener\">https:\/\/ec.europa.eu\/consumers\/odr\/<\/a>.<br>Our e-mail address can be found above in the site notice.<\/p>\n\n\n\n<h2 class=\"wp-block-heading\">Dispute resolution proceedings in front of a consumer arbitration board<\/h2>\n\n\n\n<p>We participate in a dispute settlement procedure before a consumer arbitration board. The competent consumer arbitration board is Zentrum f\u00fcr Schlichtung e.V., Stra\u00dfburger Stra\u00dfe 8, 77694 Kehl am Rhein (<a href=\"https:\/\/www.verbraucher-schlichter.de\/\" target=\"_blank\" rel=\"noreferrer noopener\">https:\/\/www.verbraucher-schlichter.de<\/a>).<\/p>\n","protected":false},"excerpt":{"rendered":"<p>We kindly ask you to refrain from unsolicited postal deliveries. Please contact us by e-mail in advance to save time and money and to protect the environment. Thank you very&#8230; <\/p>\n<div class=\"link-more\"><a href=\"https:\/\/www.skk-soest.de\/en\/impressum\/\">Read More<\/a><\/div>\n","protected":false},"author":1,"featured_media":0,"parent":0,"menu_order":0,"comment_status":"closed","ping_status":"closed","template":"","meta":{"ngg_post_thumbnail":0,"footnotes":""},"class_list":["post-493","page","type-page","status-publish","hentry"],"translation":{"provider":"WPGlobus","version":"3.0.2","language":"en","enabled_languages":["de","en"],"languages":{"de":{"title":true,"content":true,"excerpt":false},"en":{"title":true,"content":true,"excerpt":false}}},"_links":{"self":[{"href":"https:\/\/www.skk-soest.de\/en\/wp-json\/wp\/v2\/pages\/493","targetHints":{"allow":["GET"]}}],"collection":[{"href":"https:\/\/www.skk-soest.de\/en\/wp-json\/wp\/v2\/pages"}],"about":[{"href":"https:\/\/www.skk-soest.de\/en\/wp-json\/wp\/v2\/types\/page"}],"author":[{"embeddable":true,"href":"https:\/\/www.skk-soest.de\/en\/wp-json\/wp\/v2\/users\/1"}],"replies":[{"embeddable":true,"href":"https:\/\/www.skk-soest.de\/en\/wp-json\/wp\/v2\/comments?post=493"}],"version-history":[{"count":10,"href":"https:\/\/www.skk-soest.de\/en\/wp-json\/wp\/v2\/pages\/493\/revisions"}],"predecessor-version":[{"id":6369,"href":"https:\/\/www.skk-soest.de\/en\/wp-json\/wp\/v2\/pages\/493\/revisions\/6369"}],"wp:attachment":[{"href":"https:\/\/www.skk-soest.de\/en\/wp-json\/wp\/v2\/media?parent=493"}],"curies":[{"name":"wp","href":"https:\/\/api.w.org\/{rel}","templated":true}]}}