{"id":5840,"date":"2024-09-09T10:58:52","date_gmt":"2024-09-09T08:58:52","guid":{"rendered":"https:\/\/www.skk-soest.de\/?page_id=5840"},"modified":"2024-09-23T09:03:08","modified_gmt":"2024-09-23T07:03:08","slug":"3d-antje-blumenstein-de","status":"publish","type":"page","link":"https:\/\/www.skk-soest.de\/en\/3d-wegweisende-plastik-der-konkreten-gegenwart\/3d-antje-blumenstein-de\/","title":{"rendered":"ANTJE BLUMENSTEIN"},"content":{"rendered":"\n<p>Antje Blumensteins Werk entsteht aus den Wechselwirkungen von Linie und Fl\u00e4che, in reliefartigen Papierfalzungen, gefalteten Objekten aus verschiedenen Materialien, bis hin zu gro\u00dfen farbigen Rauminstallationen.<\/p>\n\n\n<div class=\"wp-block-image\">\n<figure class=\"alignright size-large is-resized\"><img loading=\"lazy\" decoding=\"async\" width=\"682\" height=\"1024\" src=\"https:\/\/www.skk-soest.de\/wp-content\/uploads\/Blumenstein-Antje-two-folded-pieces-07-orange-PhC-Stefanie-Nafe-2-web-1-682x1024.jpg\" alt=\"\" class=\"wp-image-5842\" style=\"width:300px\" srcset=\"https:\/\/www.skk-soest.de\/wp-content\/uploads\/Blumenstein-Antje-two-folded-pieces-07-orange-PhC-Stefanie-Nafe-2-web-1-682x1024.jpg 682w, https:\/\/www.skk-soest.de\/wp-content\/uploads\/Blumenstein-Antje-two-folded-pieces-07-orange-PhC-Stefanie-Nafe-2-web-1-200x300.jpg 200w, https:\/\/www.skk-soest.de\/wp-content\/uploads\/Blumenstein-Antje-two-folded-pieces-07-orange-PhC-Stefanie-Nafe-2-web-1-768x1152.jpg 768w, https:\/\/www.skk-soest.de\/wp-content\/uploads\/Blumenstein-Antje-two-folded-pieces-07-orange-PhC-Stefanie-Nafe-2-web-1-250x375.jpg 250w, https:\/\/www.skk-soest.de\/wp-content\/uploads\/Blumenstein-Antje-two-folded-pieces-07-orange-PhC-Stefanie-Nafe-2-web-1.jpg 787w\" sizes=\"auto, (max-width: 682px) 100vw, 682px\" \/><figcaption class=\"wp-element-caption\">two folded pieces 07 (orange) | 2020 | Fluoreszierendes Acrylglas, gefaltet, auf Stahlsockel | ca. 150 x 45 x 45 cm (inkl. Sockel) | Sammlung Schroth<\/figcaption><\/figure>\n<\/div>\n\n\n<p>Objekte aus gebogenen Aluminiumstangen an und in der Wand verschwindend, oder frei im Raum stehend, erzeugen nicht einfach nur Linien, sondern lassen beim Betrachten ebenso den Raum zwischen ihnen als Fl\u00e4chen wahrnehmen. Gleichzeitig entstehen je nach Lichteinfall Schattenlinien, die unver\u00e4ndert bei k\u00fcnstlicher Beleuchtung weitere Fl\u00e4chen und R\u00e4ume \u00f6ffnen, oder sind sie dem Tageslicht ausgesetzt, die Zeit als weiteren Faktor einbeziehen.<\/p>\n\n\n\n<p>Diese Aspekte des Lichteinfalls verdeutlicht Blumenstein auch in gro\u00dfen Installationen aus farbigen Plexiglas. Entweder werden r\u00e4umliche Gegebenheiten aufgenommen und regelrechte Farbr\u00e4ume erzeugt, die der Besucher betreten kann, oder gro\u00dffl\u00e4chige Acrylglasplatten werden im Raum aufgehangen und bilden geometrische Formationen, die durch Aussparungen des Materials und dessen leuchtenden Kanten ein Liniengeflecht erzeugen und gleichzeitig Farb\u00fcberlagerungen des Materials und der farbigen Schatten bilden.<\/p>\n\n\n\n<p>\/\/\/<\/p>\n\n\n\n<p>Antje Blumenstein\u2019s work emerges in the interaction of lines and surfaces, in a relief-like folding of paper, in folded objects made from a range of materials, and even in large, colourful spatial installations.<\/p>\n\n\n\n<p>Objects made from bent aluminium rods disappearing onto and into the wall or free-standing in the room produce lines, but also enable the viewer to perceive the spaces between those lines as flat surfaces. At the same time, and depending on the fall of light, shadow lines are created, revealing more surfaces and spaces, which are fixed in artificial lighting; when exposed to daylight, the additional factor of time is incorporated.<\/p>\n\n\n\n<p>Blumenstein clarifies aspects of the incidence of light in large-scale installations made from coloured acrylic glass. Sometimes, the spatial conditions are incorporated, creating veritable chromatic spaces that the visitor can enter; elsewhere, large acrylic glass panels are hung as geometric forms in the space, producing a network of lines from gaps in the material and their luminous edges, as well as creating chromatic overlays in the material and its tinted shadows.<\/p>\n\n\n\n<p><a href=\"http:\/\/www.antjeblumenstein.de\" data-type=\"link\" data-id=\"www.antjeblumenstein.de\">www.antjeblumenstein.de<\/a><\/p>\n","protected":false},"excerpt":{"rendered":"<p>Antje Blumensteins Werk entsteht aus den Wechselwirkungen von Linie und Fl\u00e4che, in reliefartigen Papierfalzungen, gefalteten Objekten aus verschiedenen Materialien, bis hin zu gro\u00dfen farbigen Rauminstallationen. Objekte aus gebogenen Aluminiumstangen an&#8230; <\/p>\n<div class=\"link-more\"><a href=\"https:\/\/www.skk-soest.de\/en\/3d-wegweisende-plastik-der-konkreten-gegenwart\/3d-antje-blumenstein-de\/\">Read More<\/a><\/div>\n","protected":false},"author":1,"featured_media":0,"parent":5838,"menu_order":0,"comment_status":"closed","ping_status":"closed","template":"","meta":{"ngg_post_thumbnail":0,"footnotes":""},"class_list":["post-5840","page","type-page","status-publish","hentry"],"translation":{"provider":"WPGlobus","version":"3.0.2","language":"en","enabled_languages":["de","en"],"languages":{"de":{"title":true,"content":true,"excerpt":false},"en":{"title":false,"content":false,"excerpt":false}}},"_links":{"self":[{"href":"https:\/\/www.skk-soest.de\/en\/wp-json\/wp\/v2\/pages\/5840","targetHints":{"allow":["GET"]}}],"collection":[{"href":"https:\/\/www.skk-soest.de\/en\/wp-json\/wp\/v2\/pages"}],"about":[{"href":"https:\/\/www.skk-soest.de\/en\/wp-json\/wp\/v2\/types\/page"}],"author":[{"embeddable":true,"href":"https:\/\/www.skk-soest.de\/en\/wp-json\/wp\/v2\/users\/1"}],"replies":[{"embeddable":true,"href":"https:\/\/www.skk-soest.de\/en\/wp-json\/wp\/v2\/comments?post=5840"}],"version-history":[{"count":7,"href":"https:\/\/www.skk-soest.de\/en\/wp-json\/wp\/v2\/pages\/5840\/revisions"}],"predecessor-version":[{"id":6324,"href":"https:\/\/www.skk-soest.de\/en\/wp-json\/wp\/v2\/pages\/5840\/revisions\/6324"}],"up":[{"embeddable":true,"href":"https:\/\/www.skk-soest.de\/en\/wp-json\/wp\/v2\/pages\/5838"}],"wp:attachment":[{"href":"https:\/\/www.skk-soest.de\/en\/wp-json\/wp\/v2\/media?parent=5840"}],"curies":[{"name":"wp","href":"https:\/\/api.w.org\/{rel}","templated":true}]}}