{"id":6013,"date":"2024-09-10T08:36:15","date_gmt":"2024-09-10T06:36:15","guid":{"rendered":"https:\/\/www.skk-soest.de\/?page_id=6013"},"modified":"2024-09-21T12:52:31","modified_gmt":"2024-09-21T10:52:31","slug":"3d-brigitte-dams","status":"publish","type":"page","link":"https:\/\/www.skk-soest.de\/en\/3d-wegweisende-plastik-der-konkreten-gegenwart\/3d-brigitte-dams\/","title":{"rendered":"BRIGITTE DAMS"},"content":{"rendered":"<div class=\"wp-block-image\">\n<figure class=\"alignright size-large is-resized\"><img loading=\"lazy\" decoding=\"async\" width=\"680\" height=\"1024\" src=\"https:\/\/www.skk-soest.de\/wp-content\/uploads\/8_kelpsStory_8_MKK-Kelps-storyoflife-kuli-soziogramm-Foto-A.Gossens-22-web-680x1024.jpg\" alt=\"\" class=\"wp-image-5882\" style=\"width:350px\" srcset=\"https:\/\/www.skk-soest.de\/wp-content\/uploads\/8_kelpsStory_8_MKK-Kelps-storyoflife-kuli-soziogramm-Foto-A.Gossens-22-web-680x1024.jpg 680w, https:\/\/www.skk-soest.de\/wp-content\/uploads\/8_kelpsStory_8_MKK-Kelps-storyoflife-kuli-soziogramm-Foto-A.Gossens-22-web-199x300.jpg 199w, https:\/\/www.skk-soest.de\/wp-content\/uploads\/8_kelpsStory_8_MKK-Kelps-storyoflife-kuli-soziogramm-Foto-A.Gossens-22-web-768x1157.jpg 768w, https:\/\/www.skk-soest.de\/wp-content\/uploads\/8_kelpsStory_8_MKK-Kelps-storyoflife-kuli-soziogramm-Foto-A.Gossens-22-web-250x377.jpg 250w, https:\/\/www.skk-soest.de\/wp-content\/uploads\/8_kelpsStory_8_MKK-Kelps-storyoflife-kuli-soziogramm-Foto-A.Gossens-22-web.jpg 784w\" sizes=\"auto, (max-width: 680px) 100vw, 680px\" \/><figcaption class=\"wp-element-caption\">KELP-1\/2010, KELP-28\/2012, KELP-311\/2011, KELP-2503\/2013 | 2010-13 | Gummiertes Gurtband, Holz, Acrylfarbe | unterschiedliche Ma\u00dfe<\/figcaption><\/figure>\n<\/div>\n\n\n<p>Mich interessieren elementare bildhauerische Fragestellungen. Die Zusammenh\u00e4nge zwischen Innen und Au\u00dfen, Schichtungen und \u00dcberla- gerungen, Strukturen und Muster. Haptische Qualit\u00e4ten und die M\u00f6glich- keiten des Materials, aus der Linie heraus Volumina zu bilden, und die r\u00e4umliche dynamische Ausdehnung zu erkunden. Durch Strukturen bau- en, Beziehungen herstellen zwischen Material und Form, zwischen Form und Raum, zwischen dem Werk und Betrachtendem. Ich liebe Baustellen, Ger\u00fcste, Konstruktionen, aber auch B\u00e4ume, Pflanzen und deren organi- sche Strukturen, Mikro- und Makrokosmos&#8230; wachsende Netzwerke.<\/p>\n\n\n\n<p>Meine r\u00e4umlichen Arbeiten entstehen oft erst f\u00fcr einen spezifischen Ort, schichtend und \u00fcberlagernd gebaute Strukturen. Neben anderen Ver- bindungen von Materialien nutze ich dazu auch Techniken des Webens und Verflechtens. Es gibt dabei aber Schnittstellen zur Architektur, auch zur Soziologie.<\/p>\n\n\n\n<p>\/\/\/<\/p>\n\n\n\n<p>I am interested in fundamental sculptural issues: In the connections between inside and outside, layering and overlapping, structures and patterns. In haptic qualities and the material\u2019s potential to generate volume from lines, and in exploring dynamic expansion in space. In building structures, creating relationships between material and form, between form and space, between the work and the viewer. I love construction sites, scaffolding, constructions \u2013 but also trees, plants and their organic structures, micro- and macrocosms&#8230; evolving networks.&nbsp;<\/p>\n\n\n\n<p>Often, my spatial works are made only for a specific location, layering and superimposing existent constructions. In addition to other combinations of materials, I use techniques of weaving and interweaving. But there are always interfaces with architecture, and with sociology as well.<\/p>\n\n\n\n<p><a href=\"http:\/\/www.brigittedams.de\">www.brigittedams.de<\/a><\/p>\n","protected":false},"excerpt":{"rendered":"<p>Mich interessieren elementare bildhauerische Fragestellungen. Die Zusammenh\u00e4nge zwischen Innen und Au\u00dfen, Schichtungen und \u00dcberla- gerungen, Strukturen und Muster. Haptische Qualit\u00e4ten und die M\u00f6glich- keiten des Materials, aus der Linie heraus&#8230; <\/p>\n<div class=\"link-more\"><a href=\"https:\/\/www.skk-soest.de\/en\/3d-wegweisende-plastik-der-konkreten-gegenwart\/3d-brigitte-dams\/\">Read More<\/a><\/div>\n","protected":false},"author":1,"featured_media":0,"parent":5838,"menu_order":0,"comment_status":"closed","ping_status":"closed","template":"","meta":{"ngg_post_thumbnail":0,"footnotes":""},"class_list":["post-6013","page","type-page","status-publish","hentry"],"translation":{"provider":"WPGlobus","version":"3.0.2","language":"en","enabled_languages":["de","en"],"languages":{"de":{"title":true,"content":true,"excerpt":false},"en":{"title":false,"content":false,"excerpt":false}}},"_links":{"self":[{"href":"https:\/\/www.skk-soest.de\/en\/wp-json\/wp\/v2\/pages\/6013","targetHints":{"allow":["GET"]}}],"collection":[{"href":"https:\/\/www.skk-soest.de\/en\/wp-json\/wp\/v2\/pages"}],"about":[{"href":"https:\/\/www.skk-soest.de\/en\/wp-json\/wp\/v2\/types\/page"}],"author":[{"embeddable":true,"href":"https:\/\/www.skk-soest.de\/en\/wp-json\/wp\/v2\/users\/1"}],"replies":[{"embeddable":true,"href":"https:\/\/www.skk-soest.de\/en\/wp-json\/wp\/v2\/comments?post=6013"}],"version-history":[{"count":5,"href":"https:\/\/www.skk-soest.de\/en\/wp-json\/wp\/v2\/pages\/6013\/revisions"}],"predecessor-version":[{"id":6284,"href":"https:\/\/www.skk-soest.de\/en\/wp-json\/wp\/v2\/pages\/6013\/revisions\/6284"}],"up":[{"embeddable":true,"href":"https:\/\/www.skk-soest.de\/en\/wp-json\/wp\/v2\/pages\/5838"}],"wp:attachment":[{"href":"https:\/\/www.skk-soest.de\/en\/wp-json\/wp\/v2\/media?parent=6013"}],"curies":[{"name":"wp","href":"https:\/\/api.w.org\/{rel}","templated":true}]}}