{"id":6014,"date":"2024-09-10T08:37:24","date_gmt":"2024-09-10T06:37:24","guid":{"rendered":"https:\/\/www.skk-soest.de\/?page_id=6014"},"modified":"2024-09-21T12:52:45","modified_gmt":"2024-09-21T10:52:45","slug":"3d-michael-danner","status":"publish","type":"page","link":"https:\/\/www.skk-soest.de\/en\/3d-wegweisende-plastik-der-konkreten-gegenwart\/3d-michael-danner\/","title":{"rendered":"MICHAEL DANNER"},"content":{"rendered":"\n<p>Vom subatomaren Bereich bis zum kosmischen Gebilde formt sich aller Raum aus Spannungsbez\u00fcgen. Und auch unsere zwischenmenschlichen, psychologischen und sozialen Situationen sind immer Bezugsgeflechte, die sich unter Spannung halten. Diese Konstellationen, die Kr\u00e4fteverh\u00e4ltnisse darin und auch die Situationen des \u00dcberdehnens und Zusammenbrechens sind die Bedingungen unserer t\u00e4glichen fragilen Situationen, auch im Zusammenhang mit dem Weltgeschehen.<\/p>\n\n\n\n<p>Daf\u00fcr baue ich Objekte und Konstruktionen, die ihre Form besonders durch Schwerkraft, Spannung und Gleichgewicht bekommen. Jede kleine Ver\u00e4nderung hat grundlegende Auswirkungen auf das Ganze. Grundlage der Raumnahme sind die Bewegungsrichtungen der Waagrechten, der Senkrecht und des Kreises. Die Waagrechte ist unsere Standfl\u00e4che (der Landschaftshorizont), zur Senkrechte m\u00fcssen wir st\u00e4ndig unseren K\u00f6rper ausrichten (das aufrechte Stehen) und der Kreis steht f\u00fcr die Bewegung.<\/p>\n\n\n\n<p>Immer versuche ich in meiner Arbeit reduzierte, konzentrierte, komprimierte und klare Darstellungen zu finden.<br><\/p>\n\n\n<div class=\"wp-block-image\">\n<figure class=\"alignright size-large is-resized\"><img loading=\"lazy\" decoding=\"async\" width=\"1024\" height=\"678\" src=\"https:\/\/www.skk-soest.de\/wp-content\/uploads\/Danner-Gewicht_gleich-2020-web-1024x678.jpg\" alt=\"\" class=\"wp-image-5884\" style=\"width:350px\" srcset=\"https:\/\/www.skk-soest.de\/wp-content\/uploads\/Danner-Gewicht_gleich-2020-web-1024x678.jpg 1024w, https:\/\/www.skk-soest.de\/wp-content\/uploads\/Danner-Gewicht_gleich-2020-web-300x199.jpg 300w, https:\/\/www.skk-soest.de\/wp-content\/uploads\/Danner-Gewicht_gleich-2020-web-768x509.jpg 768w, https:\/\/www.skk-soest.de\/wp-content\/uploads\/Danner-Gewicht_gleich-2020-web-1536x1017.jpg 1536w, https:\/\/www.skk-soest.de\/wp-content\/uploads\/Danner-Gewicht_gleich-2020-web-453x300.jpg 453w, https:\/\/www.skk-soest.de\/wp-content\/uploads\/Danner-Gewicht_gleich-2020-web-250x166.jpg 250w, https:\/\/www.skk-soest.de\/wp-content\/uploads\/Danner-Gewicht_gleich-2020-web.jpg 1783w\" sizes=\"auto, (max-width: 1024px) 100vw, 1024px\" \/><figcaption class=\"wp-element-caption\">Gleich \u2013 Gewicht I | 2020 Stahl | 10 x 42 x 8 cm | Sammlung Schroth<\/figcaption><\/figure>\n<\/div>\n\n\n<p>Zu Gleich \u2013 Gewicht I<\/p>\n\n\n\n<p>Ein Stahlbogen und eine Stahlstange sind so flexibel zusammengef\u00fcgt, dass sie eine labile Gleichgewichtsposition bilden. Ein eigenes Raumgef\u00fcge ent- steht. Jede Ver\u00e4nderung ver\u00e4ndert das Gesamte in dem komplexen System.<\/p>\n\n\n\n<p>\/\/\/<\/p>\n\n\n\n<p>From the sub-atomic realm to the cosmic structure, space is always created from tensions. And the same applies to our interpersonal, psychological and social situations \u2013 they are always referential networks of maintained tensions. These constellations, the balance of power in them, and any incidences of overstretching and collapse are the conditions behind our fragile daily situations \u2013 in relation to world events as well.<\/p>\n\n\n\n<p>This in mind, I build objects and structures whose forms emerge from gravity, tension, and especially from balance. Every small change produces a fundamental effect on the whole. The basis for creating space is horizontal, vertical and circular directions of movement. The horizontal is the surface we stand on (the landscape horizon), we need to constantly align our body with the vertical (standing upright), and the circle represents movement.<\/p>\n\n\n\n<p>I always try to find reduced, concentrated, compact and clear representations in my work.<\/p>\n\n\n\n<p>On<strong>&nbsp;<\/strong><em>Gleich \u2013 Gewicht I<\/em><\/p>\n\n\n\n<p>A steel arch and a steel rod are joined in such a flexible way that they adopt an unstable pose of equilibrium. A unique spatial structure is created. Every change alters the entirety of this complex system.<\/p>\n\n\n\n<p><a href=\"http:\/\/www.michael-danner.com\">www.michael-danner.com<\/a><\/p>\n","protected":false},"excerpt":{"rendered":"<p>Vom subatomaren Bereich bis zum kosmischen Gebilde formt sich aller Raum aus Spannungsbez\u00fcgen. Und auch unsere zwischenmenschlichen, psychologischen und sozialen Situationen sind immer Bezugsgeflechte, die sich unter Spannung halten. Diese&#8230; <\/p>\n<div class=\"link-more\"><a href=\"https:\/\/www.skk-soest.de\/en\/3d-wegweisende-plastik-der-konkreten-gegenwart\/3d-michael-danner\/\">Read More<\/a><\/div>\n","protected":false},"author":1,"featured_media":0,"parent":5838,"menu_order":0,"comment_status":"closed","ping_status":"closed","template":"","meta":{"ngg_post_thumbnail":0,"footnotes":""},"class_list":["post-6014","page","type-page","status-publish","hentry"],"translation":{"provider":"WPGlobus","version":"3.0.2","language":"en","enabled_languages":["de","en"],"languages":{"de":{"title":true,"content":true,"excerpt":false},"en":{"title":false,"content":false,"excerpt":false}}},"_links":{"self":[{"href":"https:\/\/www.skk-soest.de\/en\/wp-json\/wp\/v2\/pages\/6014","targetHints":{"allow":["GET"]}}],"collection":[{"href":"https:\/\/www.skk-soest.de\/en\/wp-json\/wp\/v2\/pages"}],"about":[{"href":"https:\/\/www.skk-soest.de\/en\/wp-json\/wp\/v2\/types\/page"}],"author":[{"embeddable":true,"href":"https:\/\/www.skk-soest.de\/en\/wp-json\/wp\/v2\/users\/1"}],"replies":[{"embeddable":true,"href":"https:\/\/www.skk-soest.de\/en\/wp-json\/wp\/v2\/comments?post=6014"}],"version-history":[{"count":7,"href":"https:\/\/www.skk-soest.de\/en\/wp-json\/wp\/v2\/pages\/6014\/revisions"}],"predecessor-version":[{"id":6285,"href":"https:\/\/www.skk-soest.de\/en\/wp-json\/wp\/v2\/pages\/6014\/revisions\/6285"}],"up":[{"embeddable":true,"href":"https:\/\/www.skk-soest.de\/en\/wp-json\/wp\/v2\/pages\/5838"}],"wp:attachment":[{"href":"https:\/\/www.skk-soest.de\/en\/wp-json\/wp\/v2\/media?parent=6014"}],"curies":[{"name":"wp","href":"https:\/\/api.w.org\/{rel}","templated":true}]}}