{"id":6027,"date":"2024-09-10T08:59:57","date_gmt":"2024-09-10T06:59:57","guid":{"rendered":"https:\/\/www.skk-soest.de\/?page_id=6027"},"modified":"2024-09-21T12:54:10","modified_gmt":"2024-09-21T10:54:10","slug":"3d-margareta-hesse","status":"publish","type":"page","link":"https:\/\/www.skk-soest.de\/en\/3d-wegweisende-plastik-der-konkreten-gegenwart\/3d-margareta-hesse\/","title":{"rendered":"MARGARETA HESSE"},"content":{"rendered":"\n<p>Das Thema Licht bestimmt seit mehr als 20 Jahren meine k\u00fcnstlerische Arbeit.<\/p>\n\n\n<div class=\"wp-block-image\">\n<figure class=\"alignright size-large is-resized\"><img loading=\"lazy\" decoding=\"async\" width=\"1024\" height=\"652\" src=\"https:\/\/www.skk-soest.de\/wp-content\/uploads\/Hesse-Caged-Light-ms-web-1024x652.jpg\" alt=\"\" class=\"wp-image-5893\" style=\"width:350px\" srcset=\"https:\/\/www.skk-soest.de\/wp-content\/uploads\/Hesse-Caged-Light-ms-web-1024x652.jpg 1024w, https:\/\/www.skk-soest.de\/wp-content\/uploads\/Hesse-Caged-Light-ms-web-300x191.jpg 300w, https:\/\/www.skk-soest.de\/wp-content\/uploads\/Hesse-Caged-Light-ms-web-768x489.jpg 768w, https:\/\/www.skk-soest.de\/wp-content\/uploads\/Hesse-Caged-Light-ms-web-1536x978.jpg 1536w, https:\/\/www.skk-soest.de\/wp-content\/uploads\/Hesse-Caged-Light-ms-web-471x300.jpg 471w, https:\/\/www.skk-soest.de\/wp-content\/uploads\/Hesse-Caged-Light-ms-web-250x159.jpg 250w, https:\/\/www.skk-soest.de\/wp-content\/uploads\/Hesse-Caged-Light-ms-web.jpg 1855w\" sizes=\"auto, (max-width: 1024px) 100vw, 1024px\" \/><figcaption class=\"wp-element-caption\">Caged Light | 2022 | Glasobjekt, Laser, Wasser, Tranducer, Ventilatoren, Programmierung | 25 x 150 x 30 cm<\/figcaption><\/figure>\n<\/div>\n\n\n<p>2008 habe ich meine erste Laserinstallation entwickelt und seitdem die Wirkung sowie das Potential, mit roten, unbeweglichen Laserstrahlen in streng geometrischen Konstellationen zu arbeiten, erkundet. Ich habe mich ausschlie\u00dflich auf Laserlicht konzentriert, weil es in seiner Erscheinungs- form ein einzigartiges Licht ist, das in feinem Dunst gegenstandshaft wirkt und dennoch substanzlos ist. \u201eMaterialit\u00e4t\u201c war von jeher eine Inspira- tionsquelle f\u00fcr mich und die Immaterialit\u00e4t dieses bisweilen sehr material- haft wirkenden Lichtes ist ganz speziell. Es ist ein konnotativ aufgeladenes Licht und im Gegensatz zu allen anderen Lichtmedien auch mit negativen Assoziationen wie \u201eGefahr\u201c und \u201eZerst\u00f6rung\u201c verkn\u00fcpft. Diese wider- spr\u00fcchliche Erfahrung hat mich fasziniert.<\/p>\n\n\n\n<p>Seit 2018 habe ich daran geforscht, einen Laserstrahl in einem abgegrenz- ten, von au\u00dfen einsehbaren und transportierbaren Raum, n\u00e4mlich einem Glasobjekt, einzuschlie\u00dfen. Die Entwicklung dieses Objektes erg\u00e4nzt meine begehbaren und erfahrbaren Installationen.<\/p>\n\n\n\n<p>In \u201eCaged Light\u201c strahlt der Laser durch den definierten Raum und wird durch feinen Wasserdunst sichtbar. Mit der Dichte und Verteilung des Duns- tes ver\u00e4ndert sich die Erscheinung des Strahls, der zwischen einer brennen- den Lunte und einem rot leuchtenden Lichtraum alle denkbaren Variationen annehmen kann. Variiert wird der erzeugte Dunst durch den Luftstrom von zwei Ventilatoren. Eine differenzierte Programmierung steuert die Einfluss- faktoren auf die Erscheinung des Laserstrahls.<\/p>\n\n\n\n<p>Die Ger\u00e4usche sind technikbedingt und quasi systemimmanent.<\/p>\n\n\n\n<p>\/\/\/<\/p>\n\n\n\n<p>The topic of light has shaped my art for more than 20 years.<\/p>\n\n\n\n<p>I developed my first laser installation in 2008; since then, I have been exploring the effect and potentials of working with red, immobile laser beams in strictly geometric constellations. My sole focus has been on laser because it is a unique form of light that appears object-like in a fine haze and yet remains insubstantial. I have always found \u2018materiality\u2019 a source of inspiration, and the immateriality of this sometimes very material-like light is very special. It is a light charged with connotation and, in contrast to every other light media, can also be associated with negatives such as \u2018danger\u2019 and \u2018destruction\u2019. This contradictory phenomenon fascinates me.<\/p>\n\n\n\n<p>Since 2018, I have been researching a way to confine a laser beam within a delimited, externally visible and transportable space \u2013 that is, in a glass object. The development of this object complements my walk-in, experienceable installations.&nbsp;<\/p>\n\n\n\n<p>In \u2018Caged Light\u2019, the laser beam shines across the predefined space, becoming visible through a fine water vapour. The appearance of the beam changes with the density and distribution of the vapour; thus, it adopts every conceivable variation from a burning fuse to a red-glowing light space. The haze generated is varied using the air flow from two fans. Differentiated programming controls the factors influencing the laser beam\u2019s appearance.<\/p>\n\n\n\n<p>The noises are technical and inherent to the system, so to speak.<\/p>\n\n\n\n<p><a href=\"http:\/\/www.margareta-hesse.de\">www.margareta-hesse.de<\/a><\/p>\n","protected":false},"excerpt":{"rendered":"<p>Das Thema Licht bestimmt seit mehr als 20 Jahren meine k\u00fcnstlerische Arbeit. 2008 habe ich meine erste Laserinstallation entwickelt und seitdem die Wirkung sowie das Potential, mit roten, unbeweglichen Laserstrahlen&#8230; <\/p>\n<div class=\"link-more\"><a href=\"https:\/\/www.skk-soest.de\/en\/3d-wegweisende-plastik-der-konkreten-gegenwart\/3d-margareta-hesse\/\">Read More<\/a><\/div>\n","protected":false},"author":1,"featured_media":0,"parent":5838,"menu_order":0,"comment_status":"closed","ping_status":"closed","template":"","meta":{"ngg_post_thumbnail":0,"footnotes":""},"class_list":["post-6027","page","type-page","status-publish","hentry"],"translation":{"provider":"WPGlobus","version":"3.0.2","language":"en","enabled_languages":["de","en"],"languages":{"de":{"title":true,"content":true,"excerpt":false},"en":{"title":false,"content":false,"excerpt":false}}},"_links":{"self":[{"href":"https:\/\/www.skk-soest.de\/en\/wp-json\/wp\/v2\/pages\/6027","targetHints":{"allow":["GET"]}}],"collection":[{"href":"https:\/\/www.skk-soest.de\/en\/wp-json\/wp\/v2\/pages"}],"about":[{"href":"https:\/\/www.skk-soest.de\/en\/wp-json\/wp\/v2\/types\/page"}],"author":[{"embeddable":true,"href":"https:\/\/www.skk-soest.de\/en\/wp-json\/wp\/v2\/users\/1"}],"replies":[{"embeddable":true,"href":"https:\/\/www.skk-soest.de\/en\/wp-json\/wp\/v2\/comments?post=6027"}],"version-history":[{"count":5,"href":"https:\/\/www.skk-soest.de\/en\/wp-json\/wp\/v2\/pages\/6027\/revisions"}],"predecessor-version":[{"id":6290,"href":"https:\/\/www.skk-soest.de\/en\/wp-json\/wp\/v2\/pages\/6027\/revisions\/6290"}],"up":[{"embeddable":true,"href":"https:\/\/www.skk-soest.de\/en\/wp-json\/wp\/v2\/pages\/5838"}],"wp:attachment":[{"href":"https:\/\/www.skk-soest.de\/en\/wp-json\/wp\/v2\/media?parent=6027"}],"curies":[{"name":"wp","href":"https:\/\/api.w.org\/{rel}","templated":true}]}}