{"id":6039,"date":"2024-09-10T09:51:14","date_gmt":"2024-09-10T07:51:14","guid":{"rendered":"https:\/\/www.skk-soest.de\/?page_id=6039"},"modified":"2024-09-21T12:57:11","modified_gmt":"2024-09-21T10:57:11","slug":"3d-michelle-jaffe","status":"publish","type":"page","link":"https:\/\/www.skk-soest.de\/en\/3d-wegweisende-plastik-der-konkreten-gegenwart\/3d-michelle-jaffe\/","title":{"rendered":"MICHELLE JAFF\u00c9"},"content":{"rendered":"<div class=\"wp-block-image\">\n<figure class=\"alignright size-large is-resized\"><img loading=\"lazy\" decoding=\"async\" width=\"692\" height=\"1024\" src=\"https:\/\/www.skk-soest.de\/wp-content\/uploads\/Jaffe-Twist_2-Front-web-692x1024.jpg\" alt=\"\" class=\"wp-image-5905\" style=\"width:350px\" srcset=\"https:\/\/www.skk-soest.de\/wp-content\/uploads\/Jaffe-Twist_2-Front-web-692x1024.jpg 692w, https:\/\/www.skk-soest.de\/wp-content\/uploads\/Jaffe-Twist_2-Front-web-203x300.jpg 203w, https:\/\/www.skk-soest.de\/wp-content\/uploads\/Jaffe-Twist_2-Front-web-768x1137.jpg 768w, https:\/\/www.skk-soest.de\/wp-content\/uploads\/Jaffe-Twist_2-Front-web-1038x1536.jpg 1038w, https:\/\/www.skk-soest.de\/wp-content\/uploads\/Jaffe-Twist_2-Front-web-250x370.jpg 250w, https:\/\/www.skk-soest.de\/wp-content\/uploads\/Jaffe-Twist_2-Front-web.jpg 1064w\" sizes=\"auto, (max-width: 692px) 100vw, 692px\" \/><figcaption class=\"wp-element-caption\">Twist | 2009 | Moosgummi | 84 x 38 x 37 cm<\/figcaption><\/figure>\n<\/div>\n\n\n<p>Die interdisziplin\u00e4r arbeitende K\u00fcnstlerin Michelle Jaff\u00e9 schafft zeit- basierte, erfahrungsorientierte und immersive Werke, die zu aktivem Zuh\u00f6ren und Bewusstsein im Raum anregen. Ihre Plastiken, Klang- und Videoinstallationen bieten komplexe Erlebnism\u00f6glichkeiten. Wer sich auf sie einl\u00e4sst, kann sich der unbest\u00e4ndigen Strukturen bewusst werden, die die Unterwelt der Gesellschaft durchdringen. Jaff\u00e9 arbeitet oft mit Klang, um die skulpturale Erfahrung zu erweitern und neue neuronale Verbindungen zu schaffen, indem sie Geist, K\u00f6rper und limbisches Gehirn gleichzeitig anspricht.<\/p>\n\n\n\n<p>Pr\u00e4gende Einfl\u00fcsse: In jungen Jahren war Jaff\u00e9 von der Unermesslichkeit von Stanley Kubricks Vision f\u00fcr \u201e2001\u201c fasziniert: kraftvolle Bilder gepaart mit \u00fcberzeugendem Sounddesign. Weitere Einfl\u00fcsse sind LaMonte Youngs \u201eWell Tuned Piano\u201c, bei dem Obert\u00f6ne als kumulative Schwingungsmasse in der Luft h\u00e4ngen, und die Erfahrung der physischen, desorientierenden Wirkung von Richard Serras \u201eTilted Arcs\u201c.<\/p>\n\n\n\n<p>Mit Jackson Pollock teilt Jaff\u00e9 die Sensibilit\u00e4t f\u00fcr den Ma\u00dfstab und mit Oskar Schlemmer, Robert Wilson und Pina Bausch den Sinn f\u00fcr das Humor- volle und das Theatralische.<\/p>\n\n\n\n<p>Michelle Jaff\u00e9<br>aus dem Englischen \u00fcbersetzt von Juliane Rogge<\/p>\n\n\n\n<p>\/\/\/<\/p>\n\n\n\n<p>American interdisciplinary artist Michelle Jaff\u00e9 creates time-based experiential and immersive works that prompt active listening and awareness in space. Her sculpture, sound and video installations present complex experiential propositions. To enter them, can increase awareness of the volatile structures percolating in the underbelly of society. Jaff\u00e9 works with sound to expand sculptural experience, as a gestalt to forge new neural connections, by engaging mind, body &amp; limbic brain simultaneously.<\/p>\n\n\n\n<p>Seminal influences: at a young age, Jaff\u00e9 was transported by the immensity of Stanley Kubrick\u2019s vision for \u201c2001\u201d: powerful images paired with compelling sound design. Other influences are LaMonte Young&#8217;s &#8220;Well Tuned Piano&#8221; where overtones hang in the air as cumulative vibrational mass; and experiencing the physical, disorienting effect of Richard Serra\u2019s \u201cTilted Arcs\u201d. Jaff\u00e9 shares a sensibility for scale with Jackson Pollock and a sense for the comedic and the theatrical with Oskar Schlemmer, Robert Wilson and Pina Bausch.<\/p>\n\n\n\n<p><a href=\"http:\/\/www.michellejaffe.com\">www.michellejaffe.com<\/a><\/p>\n","protected":false},"excerpt":{"rendered":"<p>Die interdisziplin\u00e4r arbeitende K\u00fcnstlerin Michelle Jaff\u00e9 schafft zeit- basierte, erfahrungsorientierte und immersive Werke, die zu aktivem Zuh\u00f6ren und Bewusstsein im Raum anregen. Ihre Plastiken, Klang- und Videoinstallationen bieten komplexe Erlebnism\u00f6glichkeiten&#8230;. <\/p>\n<div class=\"link-more\"><a href=\"https:\/\/www.skk-soest.de\/en\/3d-wegweisende-plastik-der-konkreten-gegenwart\/3d-michelle-jaffe\/\">Read More<\/a><\/div>\n","protected":false},"author":1,"featured_media":0,"parent":5838,"menu_order":0,"comment_status":"closed","ping_status":"closed","template":"","meta":{"ngg_post_thumbnail":0,"footnotes":""},"class_list":["post-6039","page","type-page","status-publish","hentry"],"translation":{"provider":"WPGlobus","version":"3.0.2","language":"en","enabled_languages":["de","en"],"languages":{"de":{"title":true,"content":true,"excerpt":false},"en":{"title":false,"content":false,"excerpt":false}}},"_links":{"self":[{"href":"https:\/\/www.skk-soest.de\/en\/wp-json\/wp\/v2\/pages\/6039","targetHints":{"allow":["GET"]}}],"collection":[{"href":"https:\/\/www.skk-soest.de\/en\/wp-json\/wp\/v2\/pages"}],"about":[{"href":"https:\/\/www.skk-soest.de\/en\/wp-json\/wp\/v2\/types\/page"}],"author":[{"embeddable":true,"href":"https:\/\/www.skk-soest.de\/en\/wp-json\/wp\/v2\/users\/1"}],"replies":[{"embeddable":true,"href":"https:\/\/www.skk-soest.de\/en\/wp-json\/wp\/v2\/comments?post=6039"}],"version-history":[{"count":5,"href":"https:\/\/www.skk-soest.de\/en\/wp-json\/wp\/v2\/pages\/6039\/revisions"}],"predecessor-version":[{"id":6294,"href":"https:\/\/www.skk-soest.de\/en\/wp-json\/wp\/v2\/pages\/6039\/revisions\/6294"}],"up":[{"embeddable":true,"href":"https:\/\/www.skk-soest.de\/en\/wp-json\/wp\/v2\/pages\/5838"}],"wp:attachment":[{"href":"https:\/\/www.skk-soest.de\/en\/wp-json\/wp\/v2\/media?parent=6039"}],"curies":[{"name":"wp","href":"https:\/\/api.w.org\/{rel}","templated":true}]}}