{"id":6049,"date":"2024-09-10T14:05:09","date_gmt":"2024-09-10T12:05:09","guid":{"rendered":"https:\/\/www.skk-soest.de\/?page_id=6049"},"modified":"2024-09-21T12:57:37","modified_gmt":"2024-09-21T10:57:37","slug":"3d-adam-kokesch","status":"publish","type":"page","link":"https:\/\/www.skk-soest.de\/en\/3d-wegweisende-plastik-der-konkreten-gegenwart\/3d-adam-kokesch\/","title":{"rendered":"\u00c1D\u00c1M KOKESCH"},"content":{"rendered":"<div class=\"wp-block-image\">\n<figure class=\"alignright size-large is-resized\"><img loading=\"lazy\" decoding=\"async\" width=\"683\" height=\"1024\" src=\"https:\/\/www.skk-soest.de\/wp-content\/uploads\/Aedaem-Kokesch_Untitled_2024_glass-acrylic-plywood_o422-\u00d7-115-cm_photo-by-Benedek-Regos-web-683x1024.jpeg\" alt=\"\" class=\"wp-image-5909\" style=\"width:350px\" srcset=\"https:\/\/www.skk-soest.de\/wp-content\/uploads\/Aedaem-Kokesch_Untitled_2024_glass-acrylic-plywood_o422-\u00d7-115-cm_photo-by-Benedek-Regos-web-683x1024.jpeg 683w, https:\/\/www.skk-soest.de\/wp-content\/uploads\/Aedaem-Kokesch_Untitled_2024_glass-acrylic-plywood_o422-\u00d7-115-cm_photo-by-Benedek-Regos-web-200x300.jpeg 200w, https:\/\/www.skk-soest.de\/wp-content\/uploads\/Aedaem-Kokesch_Untitled_2024_glass-acrylic-plywood_o422-\u00d7-115-cm_photo-by-Benedek-Regos-web-768x1151.jpeg 768w, https:\/\/www.skk-soest.de\/wp-content\/uploads\/Aedaem-Kokesch_Untitled_2024_glass-acrylic-plywood_o422-\u00d7-115-cm_photo-by-Benedek-Regos-web-1025x1536.jpeg 1025w, https:\/\/www.skk-soest.de\/wp-content\/uploads\/Aedaem-Kokesch_Untitled_2024_glass-acrylic-plywood_o422-\u00d7-115-cm_photo-by-Benedek-Regos-web-250x375.jpeg 250w, https:\/\/www.skk-soest.de\/wp-content\/uploads\/Aedaem-Kokesch_Untitled_2024_glass-acrylic-plywood_o422-\u00d7-115-cm_photo-by-Benedek-Regos-web.jpeg 1051w\" sizes=\"auto, (max-width: 683px) 100vw, 683px\" \/><figcaption class=\"wp-element-caption\">o. T. | 2024 | Glas, Acryl, Sperrholz | \u00f8 42,2 \u00d7 11,5 cm<\/figcaption><\/figure>\n<\/div>\n\n\n<p>Die Objekte erscheinen im Raum als in sich widerspr\u00fcchliche Aussagen. Sie sind Zwischenwesen, die immer in einem bestimmten Beziehungs- geflecht gedeutet werden \u2013 ihre Teile sind uns vertraut, aber in ihrer Summe unbekannt. Kokeschs Objekte und Objektausstellungen legen Beziehungen und Zusammenh\u00e4nge offen: Sie konstruieren aus Fragmen- ten der materiellen Welt alternative Welten und Realit\u00e4ten. Die Objekte entziehen sich der beweisf\u00fchrenden Identifikation mit Worten: Was wir sehen, ist kein Modell, k\u00f6nnte aber ein Modell sein, kein Sensor, k\u00f6nnte aber ein Sensor sein, kein Solarpanel, k\u00f6nnte aber ein Solarpanel sein. Man k\u00f6nnte von einer Simulation sprechen, aber es w\u00e4re richtiger zu sagen, dass es eine Simulation sein k\u00f6nnte, denn es simuliert nicht die allt\u00e4gliche materielle Realit\u00e4t, sondern konstruiert aus den Teilen und Fragmenten dieser Realit\u00e4t ein alternatives semantisches System mit eigener Syntax.<\/p>\n\n\n\n<p>Auszug aus D\u00e1vid Feh\u00e9rs Text \u201cObjects in Conditional Tense\u201d, zur Er\u00f6ffnung der Ausstellung Ha \/ if, Galerie Kisterem, Budapest, 2024.&nbsp;Aus dem Englischen \u00fcbersetzt von Juliane Rogge<\/p>\n\n\n\n<p>\/\/\/<\/p>\n\n\n\n<p>The objects appear in the space as self-contradictory statements. They are intermediary beings, always interpreted in a particular set of relations \u2013 their parts familiar, yet unknown in their totality. Kokesch\u2019s objects and exhibitions of objects reveal relations and correlations: they construct alternative worlds and realities from fragments of the material world. The objects slip past&nbsp;<\/p>\n\n\n\n<p>the evidential practices of identification with words: what we see is not a model but could be a model, not a sensor but could be a sensor, not a solar panel but could be a solar panel. One could say simulation, but it would be more correct to say that it could be a simulation, because it does not simulate everyday material reality, but rather constructs an alternative semantic system with its own syntax from the parts and fragments of this reality.&nbsp;<\/p>\n\n\n\n<p>Excerpt from D\u00e1vid Feh\u00e9r\u2019s text \u201cObjects in Conditional Tense\u201d, read at the opening of the exhibition Ha \/ if, 2024<\/p>\n\n\n\n<p><a href=\"http:\/\/www.kisterem.hu\/artists\/adam-kokesch\">www.kisterem.hu\/artists\/adam-kokesch<\/a><\/p>\n","protected":false},"excerpt":{"rendered":"<p>Die Objekte erscheinen im Raum als in sich widerspr\u00fcchliche Aussagen. Sie sind Zwischenwesen, die immer in einem bestimmten Beziehungs- geflecht gedeutet werden \u2013 ihre Teile sind uns vertraut, aber in&#8230; <\/p>\n<div class=\"link-more\"><a href=\"https:\/\/www.skk-soest.de\/en\/3d-wegweisende-plastik-der-konkreten-gegenwart\/3d-adam-kokesch\/\">Read More<\/a><\/div>\n","protected":false},"author":1,"featured_media":0,"parent":5838,"menu_order":0,"comment_status":"closed","ping_status":"closed","template":"","meta":{"ngg_post_thumbnail":0,"footnotes":""},"class_list":["post-6049","page","type-page","status-publish","hentry"],"translation":{"provider":"WPGlobus","version":"3.0.2","language":"en","enabled_languages":["de","en"],"languages":{"de":{"title":true,"content":true,"excerpt":false},"en":{"title":false,"content":false,"excerpt":false}}},"_links":{"self":[{"href":"https:\/\/www.skk-soest.de\/en\/wp-json\/wp\/v2\/pages\/6049","targetHints":{"allow":["GET"]}}],"collection":[{"href":"https:\/\/www.skk-soest.de\/en\/wp-json\/wp\/v2\/pages"}],"about":[{"href":"https:\/\/www.skk-soest.de\/en\/wp-json\/wp\/v2\/types\/page"}],"author":[{"embeddable":true,"href":"https:\/\/www.skk-soest.de\/en\/wp-json\/wp\/v2\/users\/1"}],"replies":[{"embeddable":true,"href":"https:\/\/www.skk-soest.de\/en\/wp-json\/wp\/v2\/comments?post=6049"}],"version-history":[{"count":5,"href":"https:\/\/www.skk-soest.de\/en\/wp-json\/wp\/v2\/pages\/6049\/revisions"}],"predecessor-version":[{"id":6295,"href":"https:\/\/www.skk-soest.de\/en\/wp-json\/wp\/v2\/pages\/6049\/revisions\/6295"}],"up":[{"embeddable":true,"href":"https:\/\/www.skk-soest.de\/en\/wp-json\/wp\/v2\/pages\/5838"}],"wp:attachment":[{"href":"https:\/\/www.skk-soest.de\/en\/wp-json\/wp\/v2\/media?parent=6049"}],"curies":[{"name":"wp","href":"https:\/\/api.w.org\/{rel}","templated":true}]}}