{"id":6050,"date":"2024-09-10T14:06:06","date_gmt":"2024-09-10T12:06:06","guid":{"rendered":"https:\/\/www.skk-soest.de\/?page_id=6050"},"modified":"2024-09-21T12:57:55","modified_gmt":"2024-09-21T10:57:55","slug":"3d-bernd-kommnick","status":"publish","type":"page","link":"https:\/\/www.skk-soest.de\/en\/3d-wegweisende-plastik-der-konkreten-gegenwart\/3d-bernd-kommnick\/","title":{"rendered":"BERND KOMMNICK"},"content":{"rendered":"\n<p>In Kommnicks Schaffen spielen Serialit\u00e4t und modulare Ordnung eine gleichgewichtige Rolle. Sein Grundmodul ist das Quadrat, mit ihm der rechte Winkel und die zum Balken oder zum Rechteck addierten Quadra- te oder aber auch eingeschriebene, mit der R\u00e4umlichkeit spielende Drei- ecksvariationen und ihre Winkelverh\u00e4ltnisse. Der k\u00fcnstlerische Zugriff auf die Geometrie zeichnet sich aber durch das im Letzten Uneindeutige aus. Manche von Kommnicks Werken haben ein offenes Ende, eine geplante L\u00fccke im Kalk\u00fcl. Sie sind eben Aufgabenstellungen der Kunst \u2013 nicht der Geometrie.<\/p>\n\n\n\n<p>Bernd Kommnick nennt sich Fl\u00e4chengestalter. Es gilt, was Piet Mondrian bereits 1917 feststellte: dass Fl\u00e4chen mit ihren linearen Begrenzungen in ihren Dimensionen und Farben imstande sind, Raum zu gestalten \u2013 ohne den Raum jedoch perspektivisch visuell auszudr\u00fccken.<\/p>\n\n\n\n<p>Immer wieder bezieht sich Kommnick explizit auf die Musik: Er spricht von Intervallen, Modulationen und nat\u00fcrlich von Kompositionen. Er meint jene mathematischen Baugesetze der Musik, die sich in Quinten und Terzen, Spr\u00fcngen und Schritten, Kadenzen und Akkorden, Takt und Rhythmus zeigen und in der Wirkung ihres komplexen Zusammenspiels wie kaum eine andere Kunst die Seele ber\u00fchren. Der Bezug zur Musik \u00e4u\u00dfert sich am deutlichsten in den horizontalen Arbeiten mit ihren unter- schiedlich d\u00fcnnen, kontrastierenden Vertikalstreifen \u2013 ausgebreitet wie Kompositionsnotate oder Klangfolgen oder auch in den chromatischen Farbabstufungen, zu denen Kommnicks Wei\u00df imstande ist.<\/p>\n\n\n\n<p>Auszug aus: Regina Erbentraut Rede zur Er\u00f6ffnung \u201eKontraste-Schwarz\/Weiss\u201c R\u00f6sler\/Kommnick, 27.10.2019<\/p>\n\n\n\n<p>\/\/\/<\/p>\n\n\n\n<p>Seriality and modular order play equally important parts in Kommnick\u2019s work. His basic module is the square, and therefore right angles and squares accumulated into a bar or rectangle, as well as inscribed triangular variations that play with spatiality and angular relationships. However, his artistic approach to geometry is characterised by something ultimately ambiguous. Some of Kommnick&#8217;s works have an open end, or a planned gap in the calculation, as they are exercises in art \u2013 and not in geometry.<\/p>\n\n\n\n<p>Bernd Kommnick calls himself a surface designer. Piet Mondrian\u2019s true statement was made as early as 1917: surfaces with their linear boundaries, with their dimensions and colours, are capable of shaping space \u2013 but without visually expressing a space in perspective.<\/p>\n\n\n\n<p>Kommnick makes repeated, explicit references to music: he speaks of intervals, modulations and, of course, compositions. He is referring to the mathematical laws of music, which are manifest in fifths and thirds, jumps and stages, cadences and chords, time and rhythm, and which, with the impact of their complex interplay, touch the soul like few other art forms. The reference to music is expressed most clearly in the horizontal works with their variously thin, contrasting vertical stripes \u2013 laid out like compositional notation or sound sequences, or in the chromatic gradations of white that Kommnick has mastered.<\/p>\n\n\n\n<p>Excerpt from: Regina Erbentraut, Rede zur Er\u00f6ffnung &#8220;Kontraste-Schwarz\/Weiss&#8221; R\u00f6sler\/Kommnick, 27.10.2019<\/p>\n\n\n\n<figure class=\"wp-block-image size-large\"><img loading=\"lazy\" decoding=\"async\" width=\"1024\" height=\"492\" src=\"https:\/\/www.skk-soest.de\/wp-content\/uploads\/Kommnick-faltung-Bernd-Kommnick-I-formare-2017-foto-Bernd-Lasdin-web-1024x492.jpg\" alt=\"\" class=\"wp-image-5915\" style=\"object-fit:cover\" srcset=\"https:\/\/www.skk-soest.de\/wp-content\/uploads\/Kommnick-faltung-Bernd-Kommnick-I-formare-2017-foto-Bernd-Lasdin-web-1024x492.jpg 1024w, https:\/\/www.skk-soest.de\/wp-content\/uploads\/Kommnick-faltung-Bernd-Kommnick-I-formare-2017-foto-Bernd-Lasdin-web-300x144.jpg 300w, https:\/\/www.skk-soest.de\/wp-content\/uploads\/Kommnick-faltung-Bernd-Kommnick-I-formare-2017-foto-Bernd-Lasdin-web-768x369.jpg 768w, https:\/\/www.skk-soest.de\/wp-content\/uploads\/Kommnick-faltung-Bernd-Kommnick-I-formare-2017-foto-Bernd-Lasdin-web-1536x738.jpg 1536w, https:\/\/www.skk-soest.de\/wp-content\/uploads\/Kommnick-faltung-Bernd-Kommnick-I-formare-2017-foto-Bernd-Lasdin-web-2048x984.jpg 2048w, https:\/\/www.skk-soest.de\/wp-content\/uploads\/Kommnick-faltung-Bernd-Kommnick-I-formare-2017-foto-Bernd-Lasdin-web-600x288.jpg 600w, https:\/\/www.skk-soest.de\/wp-content\/uploads\/Kommnick-faltung-Bernd-Kommnick-I-formare-2017-foto-Bernd-Lasdin-web-250x120.jpg 250w\" sizes=\"auto, (max-width: 1024px) 100vw, 1024px\" \/><figcaption class=\"wp-element-caption\">Faltung | 2017 MDF, jede Platte 120 x 120 x 5 cm, Farbe | Gesamtma\u00df 15 x 120 x 240 cm<\/figcaption><\/figure>\n\n\n\n<p><a href=\"http:\/\/www.kommnick.com\">www.kommnick.com<\/a><\/p>\n","protected":false},"excerpt":{"rendered":"<p>In Kommnicks Schaffen spielen Serialit\u00e4t und modulare Ordnung eine gleichgewichtige Rolle. Sein Grundmodul ist das Quadrat, mit ihm der rechte Winkel und die zum Balken oder zum Rechteck addierten Quadra-&#8230; <\/p>\n<div class=\"link-more\"><a href=\"https:\/\/www.skk-soest.de\/en\/3d-wegweisende-plastik-der-konkreten-gegenwart\/3d-bernd-kommnick\/\">Read More<\/a><\/div>\n","protected":false},"author":1,"featured_media":0,"parent":5838,"menu_order":0,"comment_status":"closed","ping_status":"closed","template":"","meta":{"ngg_post_thumbnail":0,"footnotes":""},"class_list":["post-6050","page","type-page","status-publish","hentry"],"translation":{"provider":"WPGlobus","version":"3.0.2","language":"en","enabled_languages":["de","en"],"languages":{"de":{"title":true,"content":true,"excerpt":false},"en":{"title":false,"content":false,"excerpt":false}}},"_links":{"self":[{"href":"https:\/\/www.skk-soest.de\/en\/wp-json\/wp\/v2\/pages\/6050","targetHints":{"allow":["GET"]}}],"collection":[{"href":"https:\/\/www.skk-soest.de\/en\/wp-json\/wp\/v2\/pages"}],"about":[{"href":"https:\/\/www.skk-soest.de\/en\/wp-json\/wp\/v2\/types\/page"}],"author":[{"embeddable":true,"href":"https:\/\/www.skk-soest.de\/en\/wp-json\/wp\/v2\/users\/1"}],"replies":[{"embeddable":true,"href":"https:\/\/www.skk-soest.de\/en\/wp-json\/wp\/v2\/comments?post=6050"}],"version-history":[{"count":5,"href":"https:\/\/www.skk-soest.de\/en\/wp-json\/wp\/v2\/pages\/6050\/revisions"}],"predecessor-version":[{"id":6296,"href":"https:\/\/www.skk-soest.de\/en\/wp-json\/wp\/v2\/pages\/6050\/revisions\/6296"}],"up":[{"embeddable":true,"href":"https:\/\/www.skk-soest.de\/en\/wp-json\/wp\/v2\/pages\/5838"}],"wp:attachment":[{"href":"https:\/\/www.skk-soest.de\/en\/wp-json\/wp\/v2\/media?parent=6050"}],"curies":[{"name":"wp","href":"https:\/\/api.w.org\/{rel}","templated":true}]}}