{"id":6062,"date":"2024-09-10T14:10:00","date_gmt":"2024-09-10T12:10:00","guid":{"rendered":"https:\/\/www.skk-soest.de\/?page_id=6062"},"modified":"2024-09-21T12:58:34","modified_gmt":"2024-09-21T10:58:34","slug":"3d-eric-lugtigheid","status":"publish","type":"page","link":"https:\/\/www.skk-soest.de\/en\/3d-wegweisende-plastik-der-konkreten-gegenwart\/3d-eric-lugtigheid\/","title":{"rendered":"ERIC LUGTIGHEID"},"content":{"rendered":"<div class=\"wp-block-image\">\n<figure class=\"alignright size-large is-resized\"><img loading=\"lazy\" decoding=\"async\" width=\"1024\" height=\"1024\" src=\"https:\/\/www.skk-soest.de\/wp-content\/uploads\/Lugtigheid_Slightly-Off-Yellow-web-1024x1024.jpg\" alt=\"\" class=\"wp-image-5930\" style=\"width:350px\" srcset=\"https:\/\/www.skk-soest.de\/wp-content\/uploads\/Lugtigheid_Slightly-Off-Yellow-web-1024x1024.jpg 1024w, https:\/\/www.skk-soest.de\/wp-content\/uploads\/Lugtigheid_Slightly-Off-Yellow-web-300x300.jpg 300w, https:\/\/www.skk-soest.de\/wp-content\/uploads\/Lugtigheid_Slightly-Off-Yellow-web-150x150.jpg 150w, https:\/\/www.skk-soest.de\/wp-content\/uploads\/Lugtigheid_Slightly-Off-Yellow-web-768x768.jpg 768w, https:\/\/www.skk-soest.de\/wp-content\/uploads\/Lugtigheid_Slightly-Off-Yellow-web-180x180.jpg 180w, https:\/\/www.skk-soest.de\/wp-content\/uploads\/Lugtigheid_Slightly-Off-Yellow-web-250x250.jpg 250w, https:\/\/www.skk-soest.de\/wp-content\/uploads\/Lugtigheid_Slightly-Off-Yellow-web-100x100.jpg 100w, https:\/\/www.skk-soest.de\/wp-content\/uploads\/Lugtigheid_Slightly-Off-Yellow-web.jpg 1181w\" sizes=\"auto, (max-width: 1024px) 100vw, 1024px\" \/><figcaption class=\"wp-element-caption\">Slightly Off, Yellow | 2023 | Polylactid Acid | 17 x 28 cm<\/figcaption><\/figure>\n<\/div>\n\n\n<p>Lugtigheid ist ein K\u00fcnstler mit Leidenschaft f\u00fcr r\u00e4umliches Arbeiten, Malerei und digitale Kunst. Seine Werke sind von Abstraktion durchdrun- gen und werden unter Verwendung sehr unterschiedlicher Techniken und Materialien geschaffen \u2013 st\u00e4ndig auf der Suche nach Neuem.<\/p>\n\n\n\n<p>Eine der Inspirationsquellen f\u00fcr Lugtigheid ist die geometrische Form \u201eKapsel\u201c, auch Sph\u00e4rozylinder (Lugtigheid selbst nennt sie einen langen Kreis), die eine prominente Rolle in seinen Werken spielt. Die einfache, aber kraftvolle Form bietet unbegrenzte M\u00f6glichkeiten f\u00fcr Manipulation und Transformation zu neuen Formen und Farbkombinationen sowie Techniken, sowohl analog als auch digital.<\/p>\n\n\n\n<p>Der st\u00e4ndige Drang nach neuen Ideen und Herausforderungen und da- nach, seine k\u00fcnstlerischen Grenzen zu erweitern, macht seine Arbeit ein- zigartig und zeugt von einer ganz eigenen Bildsprache, die sich st\u00e4ndig weiterentwickelt, aber immer als seine Handschrift erkennbar bleibt.<\/p>\n\n\n\n<p>Eric Lugtigheid<br>aus dem Englischen \u00fcbersetzt von Juliane Rogge<\/p>\n\n\n\n<p>\/\/\/<\/p>\n\n\n\n<p>Lugtigheid is an artist with a passion for spatial work, painting, and digital art. His work is infused with abstraction and created using a wide variety of techniques and materials, constantly seeking the new.<\/p>\n\n\n\n<p>One of Lugtigheid&#8217;s sources of inspiration is the geometric shape stadium (Lugtigheid himself calls this a long circle), which plays a prominent role in his work. The simple yet powerful form offers limitless possibilities for manipulation and transformation into new shapes and combinations of color and techniques, both analog and digital.<\/p>\n\n\n\n<p>The continuous drive for new ideas and challenges and to push his artistic boundaries makes his work unique and testifies to a completely individual visual language that constantly evolves, but always remains recognizable as his own.<\/p>\n\n\n\n<p><a href=\"http:\/\/www.instagram.com\/lugtigheid\">www.instagram.com\/lugtigheid<\/a><\/p>\n","protected":false},"excerpt":{"rendered":"<p>Lugtigheid ist ein K\u00fcnstler mit Leidenschaft f\u00fcr r\u00e4umliches Arbeiten, Malerei und digitale Kunst. Seine Werke sind von Abstraktion durchdrun- gen und werden unter Verwendung sehr unterschiedlicher Techniken und Materialien geschaffen&#8230; <\/p>\n<div class=\"link-more\"><a href=\"https:\/\/www.skk-soest.de\/en\/3d-wegweisende-plastik-der-konkreten-gegenwart\/3d-eric-lugtigheid\/\">Read More<\/a><\/div>\n","protected":false},"author":1,"featured_media":0,"parent":5838,"menu_order":0,"comment_status":"closed","ping_status":"closed","template":"","meta":{"ngg_post_thumbnail":0,"footnotes":""},"class_list":["post-6062","page","type-page","status-publish","hentry"],"translation":{"provider":"WPGlobus","version":"3.0.2","language":"en","enabled_languages":["de","en"],"languages":{"de":{"title":true,"content":true,"excerpt":false},"en":{"title":false,"content":false,"excerpt":false}}},"_links":{"self":[{"href":"https:\/\/www.skk-soest.de\/en\/wp-json\/wp\/v2\/pages\/6062","targetHints":{"allow":["GET"]}}],"collection":[{"href":"https:\/\/www.skk-soest.de\/en\/wp-json\/wp\/v2\/pages"}],"about":[{"href":"https:\/\/www.skk-soest.de\/en\/wp-json\/wp\/v2\/types\/page"}],"author":[{"embeddable":true,"href":"https:\/\/www.skk-soest.de\/en\/wp-json\/wp\/v2\/users\/1"}],"replies":[{"embeddable":true,"href":"https:\/\/www.skk-soest.de\/en\/wp-json\/wp\/v2\/comments?post=6062"}],"version-history":[{"count":5,"href":"https:\/\/www.skk-soest.de\/en\/wp-json\/wp\/v2\/pages\/6062\/revisions"}],"predecessor-version":[{"id":6299,"href":"https:\/\/www.skk-soest.de\/en\/wp-json\/wp\/v2\/pages\/6062\/revisions\/6299"}],"up":[{"embeddable":true,"href":"https:\/\/www.skk-soest.de\/en\/wp-json\/wp\/v2\/pages\/5838"}],"wp:attachment":[{"href":"https:\/\/www.skk-soest.de\/en\/wp-json\/wp\/v2\/media?parent=6062"}],"curies":[{"name":"wp","href":"https:\/\/api.w.org\/{rel}","templated":true}]}}