{"id":6063,"date":"2024-09-10T14:09:13","date_gmt":"2024-09-10T12:09:13","guid":{"rendered":"https:\/\/www.skk-soest.de\/?page_id=6063"},"modified":"2024-09-21T12:58:26","modified_gmt":"2024-09-21T10:58:26","slug":"3d-gerda-kruimer","status":"publish","type":"page","link":"https:\/\/www.skk-soest.de\/en\/3d-wegweisende-plastik-der-konkreten-gegenwart\/3d-gerda-kruimer\/","title":{"rendered":"GERDA KRUIMER"},"content":{"rendered":"<div class=\"wp-block-image\">\n<figure class=\"alignright size-large is-resized\"><img loading=\"lazy\" decoding=\"async\" width=\"1024\" height=\"1024\" src=\"https:\/\/www.skk-soest.de\/wp-content\/uploads\/Kruimer-Gerda-3D-Soft-Grid-Rhombic-OrangeRed-voor-SKK-Soest-2024-web-1024x1024.jpeg\" alt=\"\" class=\"wp-image-5927\" style=\"width:350px\" srcset=\"https:\/\/www.skk-soest.de\/wp-content\/uploads\/Kruimer-Gerda-3D-Soft-Grid-Rhombic-OrangeRed-voor-SKK-Soest-2024-web-1024x1024.jpeg 1024w, https:\/\/www.skk-soest.de\/wp-content\/uploads\/Kruimer-Gerda-3D-Soft-Grid-Rhombic-OrangeRed-voor-SKK-Soest-2024-web-300x300.jpeg 300w, https:\/\/www.skk-soest.de\/wp-content\/uploads\/Kruimer-Gerda-3D-Soft-Grid-Rhombic-OrangeRed-voor-SKK-Soest-2024-web-150x150.jpeg 150w, https:\/\/www.skk-soest.de\/wp-content\/uploads\/Kruimer-Gerda-3D-Soft-Grid-Rhombic-OrangeRed-voor-SKK-Soest-2024-web-768x768.jpeg 768w, https:\/\/www.skk-soest.de\/wp-content\/uploads\/Kruimer-Gerda-3D-Soft-Grid-Rhombic-OrangeRed-voor-SKK-Soest-2024-web-180x180.jpeg 180w, https:\/\/www.skk-soest.de\/wp-content\/uploads\/Kruimer-Gerda-3D-Soft-Grid-Rhombic-OrangeRed-voor-SKK-Soest-2024-web-250x250.jpeg 250w, https:\/\/www.skk-soest.de\/wp-content\/uploads\/Kruimer-Gerda-3D-Soft-Grid-Rhombic-OrangeRed-voor-SKK-Soest-2024-web-100x100.jpeg 100w, https:\/\/www.skk-soest.de\/wp-content\/uploads\/Kruimer-Gerda-3D-Soft-Grid-Rhombic-OrangeRed-voor-SKK-Soest-2024-web.jpeg 1181w\" sizes=\"auto, (max-width: 1024px) 100vw, 1024px\" \/><figcaption class=\"wp-element-caption\">3D Soft Grid Rhombic OrangeRed | 2020 | \u00d6ko-Tinten auf flexibler, wiederverwertbarer Folie und Kleber (drei- dimensional, von Hand ausgeschnitten) | ca. 45 x 45 x 8 cm<\/figcaption><\/figure>\n<\/div>\n\n\n<p>VISUELLES DENKEN<br>Seherlebnisse, aus der Verwunderung \u00fcber eine Beobachtung<\/p>\n\n\n\n<p>Meine Arbeiten basieren in der Regel auf einem identischen Raster oder sind Variationen eines Typs. Reduziert auf das Wesentliche, verweisen die Werke letztlich auf nichts als sich selbst. In meinen Arbeiten untersuche ich haupts\u00e4chlich das Raster als Tr\u00e4ger von Bedeutung und Inhalt an sich.<\/p>\n\n\n\n<p>Der Grundgedanke aller meiner Rasterarbeiten ist die individuelle Positio- nierung. Durch einen konstruktiven Ansatz schaffe ich eine offene R\u00e4um- lichkeit in horizontalen und vertikalen Linien. Wenn man sich gedanklich darauf einstellt, kann man sich zwischen diesen Linien bewegen.<\/p>\n\n\n\n<p>3D SOFT GRIDS<\/p>\n\n\n\n<p>Vor einigen Jahren, w\u00e4hrend eines Sommerurlaubs in der Toskana in Italien, sah ich viele orangefarbene Gitter, die zum Schutz bei Bauarbeiten verwen- det wurden. Dieses Produkt wurde damals in den Niederlanden noch nicht verwendet. Ich war fasziniert davon und habe es oft fotografiert. Zu Hause wusste ich nicht, was ich damit anfangen sollte, bis sich einige Jahre sp\u00e4ter alles zusammenf\u00fcgte. Im Sommer 2019 hatte ich eine Ausstellung, in der ich eine fr\u00fchere gro\u00dfe Wandarbeit zeigte: 3D Grid 2007. W\u00e4hrend der Installa- tion sah ich neue M\u00f6glichkeiten in Bezug auf das Schutzgitter. Ich erforschte und kombinierte die verschiedenen Optionen, was zu der Serie 3D Soft Grids f\u00fchrte. Diese Arbeiten sind dreidimensional, handgeschnitten und mit \u00d6ko- Tinten auf flexible, recycelbare Folie gedruckt.<\/p>\n\n\n\n<p>Gerda Kruimer<br>aus dem Englischen \u00fcbersetzt von Juliane Rogge<\/p>\n\n\n\n<p>\/\/\/<\/p>\n\n\n\n<p>VISUAL THINKING<br>viewing experiences, from the wonderment about an observation&nbsp;<\/p>\n\n\n\n<p>My artworks are usually based on an identical grid or are variations on a type, reduced to the essence, the works ultimately refer to nothing but themselves. In my works, I mainly explore the grid itself as a carrier of meaning and content.&nbsp;<\/p>\n\n\n\n<p>The underlying idea for all my grid works is individual positioning. Using a constructive approach, I create an open spatiality in horizontal and vertical lines. If you adjust yourself mentally, you can move between those lines.&nbsp;<\/p>\n\n\n\n<p>3D SOFT GRIDS&nbsp;<\/p>\n\n\n\n<p>Some years ago during a summer holiday in Tuscany in Italy, I saw a lot of orange mesh used for protection during construction work. This product was not used in the Netherlands at the time. I was fascinated by it and often photographed it. At home, I didn&#8217;t know what to do with it, until a few years later everything fell into place. In summer 2019, I had an exhibition where I showed an earlier large wall-hanging work: 3D Grid 2007. While installing it, I saw new possibilities in relation to the protective mesh. I explored and combined the different options, resulting in the series&nbsp;<em>3D Soft Grids<\/em>. These works are three-dimensional, hand-cut and printed with eco-inks on flexible recyclable foil.&nbsp;<\/p>\n\n\n\n<p><a href=\"http:\/\/www.gerdakruimer.nl\">www.gerdakruimer.nl<\/a><\/p>\n","protected":false},"excerpt":{"rendered":"<p>VISUELLES DENKENSeherlebnisse, aus der Verwunderung \u00fcber eine Beobachtung Meine Arbeiten basieren in der Regel auf einem identischen Raster oder sind Variationen eines Typs. Reduziert auf das Wesentliche, verweisen die Werke&#8230; <\/p>\n<div class=\"link-more\"><a href=\"https:\/\/www.skk-soest.de\/en\/3d-wegweisende-plastik-der-konkreten-gegenwart\/3d-gerda-kruimer\/\">Read More<\/a><\/div>\n","protected":false},"author":1,"featured_media":0,"parent":5838,"menu_order":0,"comment_status":"closed","ping_status":"closed","template":"","meta":{"ngg_post_thumbnail":0,"footnotes":""},"class_list":["post-6063","page","type-page","status-publish","hentry"],"translation":{"provider":"WPGlobus","version":"3.0.2","language":"en","enabled_languages":["de","en"],"languages":{"de":{"title":true,"content":true,"excerpt":false},"en":{"title":false,"content":false,"excerpt":false}}},"_links":{"self":[{"href":"https:\/\/www.skk-soest.de\/en\/wp-json\/wp\/v2\/pages\/6063","targetHints":{"allow":["GET"]}}],"collection":[{"href":"https:\/\/www.skk-soest.de\/en\/wp-json\/wp\/v2\/pages"}],"about":[{"href":"https:\/\/www.skk-soest.de\/en\/wp-json\/wp\/v2\/types\/page"}],"author":[{"embeddable":true,"href":"https:\/\/www.skk-soest.de\/en\/wp-json\/wp\/v2\/users\/1"}],"replies":[{"embeddable":true,"href":"https:\/\/www.skk-soest.de\/en\/wp-json\/wp\/v2\/comments?post=6063"}],"version-history":[{"count":4,"href":"https:\/\/www.skk-soest.de\/en\/wp-json\/wp\/v2\/pages\/6063\/revisions"}],"predecessor-version":[{"id":6298,"href":"https:\/\/www.skk-soest.de\/en\/wp-json\/wp\/v2\/pages\/6063\/revisions\/6298"}],"up":[{"embeddable":true,"href":"https:\/\/www.skk-soest.de\/en\/wp-json\/wp\/v2\/pages\/5838"}],"wp:attachment":[{"href":"https:\/\/www.skk-soest.de\/en\/wp-json\/wp\/v2\/media?parent=6063"}],"curies":[{"name":"wp","href":"https:\/\/api.w.org\/{rel}","templated":true}]}}