{"id":6075,"date":"2024-09-10T14:13:05","date_gmt":"2024-09-10T12:13:05","guid":{"rendered":"https:\/\/www.skk-soest.de\/?page_id=6075"},"modified":"2024-09-21T13:02:34","modified_gmt":"2024-09-21T11:02:34","slug":"3d-robin-merkisch","status":"publish","type":"page","link":"https:\/\/www.skk-soest.de\/en\/3d-wegweisende-plastik-der-konkreten-gegenwart\/3d-robin-merkisch\/","title":{"rendered":"ROBIN MERKISCH"},"content":{"rendered":"<div class=\"wp-block-image\">\n<figure class=\"alignright size-large is-resized\"><img loading=\"lazy\" decoding=\"async\" width=\"1024\" height=\"818\" src=\"https:\/\/www.skk-soest.de\/wp-content\/uploads\/MERKISCH-STORAGEVIEW-9521-4x5_300-web-1024x818.jpg\" alt=\"\" class=\"wp-image-5941\" style=\"width:350px\" srcset=\"https:\/\/www.skk-soest.de\/wp-content\/uploads\/MERKISCH-STORAGEVIEW-9521-4x5_300-web-1024x818.jpg 1024w, https:\/\/www.skk-soest.de\/wp-content\/uploads\/MERKISCH-STORAGEVIEW-9521-4x5_300-web-300x240.jpg 300w, https:\/\/www.skk-soest.de\/wp-content\/uploads\/MERKISCH-STORAGEVIEW-9521-4x5_300-web-768x613.jpg 768w, https:\/\/www.skk-soest.de\/wp-content\/uploads\/MERKISCH-STORAGEVIEW-9521-4x5_300-web-376x300.jpg 376w, https:\/\/www.skk-soest.de\/wp-content\/uploads\/MERKISCH-STORAGEVIEW-9521-4x5_300-web-250x200.jpg 250w, https:\/\/www.skk-soest.de\/wp-content\/uploads\/MERKISCH-STORAGEVIEW-9521-4x5_300-web.jpg 1479w\" sizes=\"auto, (max-width: 1024px) 100vw, 1024px\" \/><figcaption class=\"wp-element-caption\">OBCT\/22\/01-07 (OBJ-NR.: 203817, 422622, 154420, 232825, 202816) | 2022 | Rohspan | 5-teilige Installation, insges. 120 x 280 x 55 cm<\/figcaption><\/figure>\n<\/div>\n\n\n<p>Bei den Arbeiten der Werkreihe OBCT\/22\/01-07 sind Objekte entstanden welche an Architekturen, Ger\u00e4te oder Maschinen erinnern k\u00f6nnten.<br>F\u00fcr den Betrachter ist es unm\u00f6glich sowohl einen Gr\u00f6\u00dfen- als auch Funktionsbezug herzustellen.<\/p>\n\n\n\n<p>Der fehlende Ma\u00dfstab erzeugt beim Betrachter eine vergleichende Leseart, auf der Suche nach bekannten Formen im Archiv der Erinnerung.<br>Mit diesem Prozess l\u00f6st die Form vom urspr\u00fcnglichen Objekt und gelangt in einen Bereich zwischen Skizze, Modell und skulpturaler Form. Die \u201aBlack Box\u2018 losgel\u00f6st aus ihrem Funktionszusammenhang wird zur Skulptur.<\/p>\n\n\n\n<p>\/\/\/<\/p>\n\n\n\n<p>The works in the series OBCT\/22\/01-07 are objects that may be seen as reminiscent of architecture, devices or machines.<\/p>\n\n\n\n<p>The viewer is unable to establish a relationship between size and function.&nbsp;<\/p>\n\n\n\n<p>This lack of scale creates a comparative reading, as the viewer searches for familiar forms in the archive of their memory.&nbsp;<\/p>\n\n\n\n<p>This process means that the form detaches itself from the original object and enters a field somewhere between sketch, model and sculptural form. The \u2018black box\u2019, detached from its functional context, turns into a sculpture.<\/p>\n\n\n\n<p><a href=\"http:\/\/www.merkisch.com\">www.merkisch.com<\/a><\/p>\n","protected":false},"excerpt":{"rendered":"<p>Bei den Arbeiten der Werkreihe OBCT\/22\/01-07 sind Objekte entstanden welche an Architekturen, Ger\u00e4te oder Maschinen erinnern k\u00f6nnten.F\u00fcr den Betrachter ist es unm\u00f6glich sowohl einen Gr\u00f6\u00dfen- als auch Funktionsbezug herzustellen. Der&#8230; <\/p>\n<div class=\"link-more\"><a href=\"https:\/\/www.skk-soest.de\/en\/3d-wegweisende-plastik-der-konkreten-gegenwart\/3d-robin-merkisch\/\">Read More<\/a><\/div>\n","protected":false},"author":1,"featured_media":0,"parent":5838,"menu_order":0,"comment_status":"closed","ping_status":"closed","template":"","meta":{"ngg_post_thumbnail":0,"footnotes":""},"class_list":["post-6075","page","type-page","status-publish","hentry"],"translation":{"provider":"WPGlobus","version":"3.0.2","language":"en","enabled_languages":["de","en"],"languages":{"de":{"title":true,"content":true,"excerpt":false},"en":{"title":false,"content":false,"excerpt":false}}},"_links":{"self":[{"href":"https:\/\/www.skk-soest.de\/en\/wp-json\/wp\/v2\/pages\/6075","targetHints":{"allow":["GET"]}}],"collection":[{"href":"https:\/\/www.skk-soest.de\/en\/wp-json\/wp\/v2\/pages"}],"about":[{"href":"https:\/\/www.skk-soest.de\/en\/wp-json\/wp\/v2\/types\/page"}],"author":[{"embeddable":true,"href":"https:\/\/www.skk-soest.de\/en\/wp-json\/wp\/v2\/users\/1"}],"replies":[{"embeddable":true,"href":"https:\/\/www.skk-soest.de\/en\/wp-json\/wp\/v2\/comments?post=6075"}],"version-history":[{"count":4,"href":"https:\/\/www.skk-soest.de\/en\/wp-json\/wp\/v2\/pages\/6075\/revisions"}],"predecessor-version":[{"id":6303,"href":"https:\/\/www.skk-soest.de\/en\/wp-json\/wp\/v2\/pages\/6075\/revisions\/6303"}],"up":[{"embeddable":true,"href":"https:\/\/www.skk-soest.de\/en\/wp-json\/wp\/v2\/pages\/5838"}],"wp:attachment":[{"href":"https:\/\/www.skk-soest.de\/en\/wp-json\/wp\/v2\/media?parent=6075"}],"curies":[{"name":"wp","href":"https:\/\/api.w.org\/{rel}","templated":true}]}}