{"id":6078,"date":"2024-09-10T14:19:12","date_gmt":"2024-09-10T12:19:12","guid":{"rendered":"https:\/\/www.skk-soest.de\/?page_id=6078"},"modified":"2024-09-21T13:05:47","modified_gmt":"2024-09-21T11:05:47","slug":"3d-rooose","status":"publish","type":"page","link":"https:\/\/www.skk-soest.de\/en\/3d-wegweisende-plastik-der-konkreten-gegenwart\/3d-rooose\/","title":{"rendered":"rooose"},"content":{"rendered":"\n<p>Aus meiner Gedankendatenbank schaffe ich Formen im Raum. Inspiriert durch technische Entwicklungen begann ich, meine eigene Formensprache neu zu schreiben, um die M\u00f6glichkeiten der Abstraktion und ihres Ausdrucks zu erweitern. Es gibt keine Grenzen f\u00fcr Formen im Raum, aber die Realit\u00e4t diktiert, wie weit ich gehen kann.<\/p>\n\n\n\n<p>In all meinen Arbeiten verwende ich eine abstrakte und geometrische Formensprache und verwende industrielles Material: Stahl \u2013 rund, flach, rechteckig, geradlinig oder ins Profil gezwungen \u2013, der mir die elementaren Impulse f\u00fcr meine Phantasie liefert. Die Industrie liefert mir also ein geo- metrisches Konzept. Aus diesem Gestaltungskonzept entwickle ich r\u00e4umliche Beziehungen, die sich oft in Linien und Fl\u00e4chen andeuten. Durch den Einsatz von Rhythmus, Kontrast, Wiederholung und gegens\u00e4tzlichen Formen bilde ich einen individuellen Stil und das Bild macht sein eigenes Ding.<\/p>\n\n\n\n<p>Meine Intuition und Beobachtung arbeiten an einer visuellen Aufladung des Bildes, bei der die Kl\u00e4rung der Proportionen eine gro\u00dfe Rolle spielt. Manchmal scheint das Bild eine Funktion zu haben, aber das ist tr\u00fcgerisch.<\/p>\n\n\n\n<p>Jedem Bild wohnt der Wunsch nach einer \u00e4sthetischen Erfahrung inne. Die Findungen in Detail und Form locken den Betrachter, an einem dynamischen Wahrnehmungsprozess teilzuhaben. Das Ergebnis ist eine Erfahrung, die unbegreifbar ist.<\/p>\n\n\n\n<p>rooose<br>aus dem Englischen \u00fcbersetzt von Juliane Rogge<\/p>\n\n\n\n<p>\/\/\/<\/p>\n\n\n\n<p><em>O<\/em>ut of my database of thoughts I create forms in space. Inspired by technical developments I started to rewrite my own language of forms to increase the possibilities of abstraction and its expression. There are no limits to forms in space but reality dictates my reach.<\/p>\n\n\n\n<p>In all my work I use an abstract and geometric language of forms and handle industrial material: round, flat, rectangular, rectilinear or steel forced into profile, affording me the elementary impulses&nbsp;for my imagination. Industry thus provides me with a geometric concept. From this design concept I develop spatial relationships, often indicated in linesand surfaces. By using rhythm, contrast, repetition and opposing shapes, I build an individual style and the image does its own thing.<\/p>\n\n\n\n<p>My intuition and observation work on a visual charge in the image in which the purification of proportions plays a major role. Sometimes the image seems to have a function, but this is deceptive. Each image possesses the desire for an aesthetic experience in which the solutions in detail and form tempt the viewer to participate in a dynamic process of perception. This results in an experience that cannot be comprehended.<br><br>rooose<\/p>\n\n\n<div class=\"wp-block-image\">\n<figure class=\"aligncenter size-large\"><img loading=\"lazy\" decoding=\"async\" width=\"1024\" height=\"684\" src=\"https:\/\/www.skk-soest.de\/wp-content\/uploads\/rooose-web-1024x684.jpg\" alt=\"\" class=\"wp-image-5953\" srcset=\"https:\/\/www.skk-soest.de\/wp-content\/uploads\/rooose-web-1024x684.jpg 1024w, https:\/\/www.skk-soest.de\/wp-content\/uploads\/rooose-web-300x200.jpg 300w, https:\/\/www.skk-soest.de\/wp-content\/uploads\/rooose-web-768x513.jpg 768w, https:\/\/www.skk-soest.de\/wp-content\/uploads\/rooose-web-1536x1026.jpg 1536w, https:\/\/www.skk-soest.de\/wp-content\/uploads\/rooose-web-960x640.jpg 960w, https:\/\/www.skk-soest.de\/wp-content\/uploads\/rooose-web-449x300.jpg 449w, https:\/\/www.skk-soest.de\/wp-content\/uploads\/rooose-web-250x167.jpg 250w, https:\/\/www.skk-soest.de\/wp-content\/uploads\/rooose-web.jpg 1768w\" sizes=\"auto, (max-width: 1024px) 100vw, 1024px\" \/><figcaption class=\"wp-element-caption\">Object (Code M.158\/2022) | 2022 | Stahl, Pulverbeschichtung | 45 x 7 x 30 cm<\/figcaption><\/figure>\n<\/div>\n\n\n<p><a href=\"http:\/\/www.rooose.eu\">www.rooose.eu<\/a><\/p>\n","protected":false},"excerpt":{"rendered":"<p>Aus meiner Gedankendatenbank schaffe ich Formen im Raum. Inspiriert durch technische Entwicklungen begann ich, meine eigene Formensprache neu zu schreiben, um die M\u00f6glichkeiten der Abstraktion und ihres Ausdrucks zu erweitern&#8230;. <\/p>\n<div class=\"link-more\"><a href=\"https:\/\/www.skk-soest.de\/en\/3d-wegweisende-plastik-der-konkreten-gegenwart\/3d-rooose\/\">Read More<\/a><\/div>\n","protected":false},"author":1,"featured_media":0,"parent":5838,"menu_order":0,"comment_status":"closed","ping_status":"closed","template":"","meta":{"ngg_post_thumbnail":0,"footnotes":""},"class_list":["post-6078","page","type-page","status-publish","hentry"],"translation":{"provider":"WPGlobus","version":"3.0.2","language":"en","enabled_languages":["de","en"],"languages":{"de":{"title":true,"content":true,"excerpt":false},"en":{"title":false,"content":false,"excerpt":false}}},"_links":{"self":[{"href":"https:\/\/www.skk-soest.de\/en\/wp-json\/wp\/v2\/pages\/6078","targetHints":{"allow":["GET"]}}],"collection":[{"href":"https:\/\/www.skk-soest.de\/en\/wp-json\/wp\/v2\/pages"}],"about":[{"href":"https:\/\/www.skk-soest.de\/en\/wp-json\/wp\/v2\/types\/page"}],"author":[{"embeddable":true,"href":"https:\/\/www.skk-soest.de\/en\/wp-json\/wp\/v2\/users\/1"}],"replies":[{"embeddable":true,"href":"https:\/\/www.skk-soest.de\/en\/wp-json\/wp\/v2\/comments?post=6078"}],"version-history":[{"count":4,"href":"https:\/\/www.skk-soest.de\/en\/wp-json\/wp\/v2\/pages\/6078\/revisions"}],"predecessor-version":[{"id":6306,"href":"https:\/\/www.skk-soest.de\/en\/wp-json\/wp\/v2\/pages\/6078\/revisions\/6306"}],"up":[{"embeddable":true,"href":"https:\/\/www.skk-soest.de\/en\/wp-json\/wp\/v2\/pages\/5838"}],"wp:attachment":[{"href":"https:\/\/www.skk-soest.de\/en\/wp-json\/wp\/v2\/media?parent=6078"}],"curies":[{"name":"wp","href":"https:\/\/api.w.org\/{rel}","templated":true}]}}