{"id":6099,"date":"2024-09-10T14:33:47","date_gmt":"2024-09-10T12:33:47","guid":{"rendered":"https:\/\/www.skk-soest.de\/?page_id=6099"},"modified":"2024-09-21T13:06:07","modified_gmt":"2024-09-21T11:06:07","slug":"3d-mary-schiliro","status":"publish","type":"page","link":"https:\/\/www.skk-soest.de\/en\/3d-wegweisende-plastik-der-konkreten-gegenwart\/3d-mary-schiliro\/","title":{"rendered":"MARY SCHILIRO"},"content":{"rendered":"<div class=\"wp-block-image\">\n<figure class=\"alignright size-large is-resized\"><img loading=\"lazy\" decoding=\"async\" width=\"768\" height=\"1024\" src=\"https:\/\/www.skk-soest.de\/wp-content\/uploads\/disembody-1-web-768x1024.jpg\" alt=\"\" class=\"wp-image-5963\" style=\"width:350px\" srcset=\"https:\/\/www.skk-soest.de\/wp-content\/uploads\/disembody-1-web-768x1024.jpg 768w, https:\/\/www.skk-soest.de\/wp-content\/uploads\/disembody-1-web-225x300.jpg 225w, https:\/\/www.skk-soest.de\/wp-content\/uploads\/disembody-1-web-630x840.jpg 630w, https:\/\/www.skk-soest.de\/wp-content\/uploads\/disembody-1-web-250x333.jpg 250w, https:\/\/www.skk-soest.de\/wp-content\/uploads\/disembody-1-web.jpg 886w\" sizes=\"auto, (max-width: 768px) 100vw, 768px\" \/><figcaption class=\"wp-element-caption\">Disembody | 2018 | Acryl, Mylar, Plexiglasrohr | 152,5 x 183 x 10,2 cm<\/figcaption><\/figure>\n<\/div>\n\n\n<p>Mein Prozess und meine Materialien sind eng miteinander verwoben und stehen in Verbindung mit meinen Ideen. Disembody, bestehend aus langen Mylarstreifen, die in durchscheinende Farbe getaucht und im Raum aufgeh\u00e4ngt sind, spricht mein Interesse am Konzept der Leichtig- keit an. Mylar gef\u00e4llt mir, weil es lichtdurchl\u00e4ssig, leicht und biegsam ist. Die Interferenzfarbe, die in dieser Skulptur verwendet wird, ver\u00e4ndert sich je nach Lichteinfall und ver\u00e4ndert ihr Aussehen. Wenn man sich um die Skulptur herum bewegt, \u00e4ndert sich die Farbe von einem zarten Rot zu einem zarten Gr\u00fcn. Die Interferenzfarbe wird nicht aus herk\u00f6mmli- chen Pigmenten hergestellt. Vielmehr besteht sie aus mit Titan beschich- teten Glimmerchips. Die Farbe, die man wahrnimmt, ob rot oder gr\u00fcn, h\u00e4ngt von den Wellenl\u00e4ngen des Lichts ab und davon, ob das Licht vom Material reflektiert oder durch es hindurchgelassen wird. Die Verg\u00e4ng- lichkeit dieser Erfahrung spiegelt mein Interesse an Verg\u00e4nglichkeit und Unbest\u00e4ndigkeit als Metaphern f\u00fcr den menschlichen Zustand wider.<\/p>\n\n\n\n<p>Mary Schiliro<br>aus dem Englischen \u00fcbersetzt von Juliane Rogge<\/p>\n\n\n\n<p>\/\/\/<\/p>\n\n\n\n<p>My process and materials are intricately woven together and connect to my ideas.&nbsp;<em>Disembody<\/em>, consisting of long strips of Mylar, dipped in translucent color and suspended in space, speaks to my interest in the concept of lightness. Mylar appeals to me because it is translucent, light, and pliable. The interference color used in this sculpture shifts and changes in appearance in response to the light. As one moves around it, the color of the piece changes from a subtle red to a subtle green. Interference paint is not made from traditional pigments. Rather, it is made from mica chips coated with titanium. The color that one experiences, whether it&#8217;s red or green, depends on wavelengths of light and whether the light is being reflected from or transmitted through the material. The transient nature of this experience reflects my interest in ephemeralness and impermanence as metaphors for the human condition.<\/p>\n\n\n\n<p><a href=\"http:\/\/www.maryschiliro.com\">www.maryschiliro.com<\/a><\/p>\n","protected":false},"excerpt":{"rendered":"<p>Mein Prozess und meine Materialien sind eng miteinander verwoben und stehen in Verbindung mit meinen Ideen. Disembody, bestehend aus langen Mylarstreifen, die in durchscheinende Farbe getaucht und im Raum aufgeh\u00e4ngt&#8230; <\/p>\n<div class=\"link-more\"><a href=\"https:\/\/www.skk-soest.de\/en\/3d-wegweisende-plastik-der-konkreten-gegenwart\/3d-mary-schiliro\/\">Read More<\/a><\/div>\n","protected":false},"author":1,"featured_media":0,"parent":5838,"menu_order":0,"comment_status":"closed","ping_status":"closed","template":"","meta":{"ngg_post_thumbnail":0,"footnotes":""},"class_list":["post-6099","page","type-page","status-publish","hentry"],"translation":{"provider":"WPGlobus","version":"3.0.2","language":"en","enabled_languages":["de","en"],"languages":{"de":{"title":true,"content":true,"excerpt":false},"en":{"title":false,"content":false,"excerpt":false}}},"_links":{"self":[{"href":"https:\/\/www.skk-soest.de\/en\/wp-json\/wp\/v2\/pages\/6099","targetHints":{"allow":["GET"]}}],"collection":[{"href":"https:\/\/www.skk-soest.de\/en\/wp-json\/wp\/v2\/pages"}],"about":[{"href":"https:\/\/www.skk-soest.de\/en\/wp-json\/wp\/v2\/types\/page"}],"author":[{"embeddable":true,"href":"https:\/\/www.skk-soest.de\/en\/wp-json\/wp\/v2\/users\/1"}],"replies":[{"embeddable":true,"href":"https:\/\/www.skk-soest.de\/en\/wp-json\/wp\/v2\/comments?post=6099"}],"version-history":[{"count":5,"href":"https:\/\/www.skk-soest.de\/en\/wp-json\/wp\/v2\/pages\/6099\/revisions"}],"predecessor-version":[{"id":6309,"href":"https:\/\/www.skk-soest.de\/en\/wp-json\/wp\/v2\/pages\/6099\/revisions\/6309"}],"up":[{"embeddable":true,"href":"https:\/\/www.skk-soest.de\/en\/wp-json\/wp\/v2\/pages\/5838"}],"wp:attachment":[{"href":"https:\/\/www.skk-soest.de\/en\/wp-json\/wp\/v2\/media?parent=6099"}],"curies":[{"name":"wp","href":"https:\/\/api.w.org\/{rel}","templated":true}]}}