{"id":6100,"date":"2024-09-10T14:34:48","date_gmt":"2024-09-10T12:34:48","guid":{"rendered":"https:\/\/www.skk-soest.de\/?page_id=6100"},"modified":"2024-09-21T13:06:20","modified_gmt":"2024-09-21T11:06:20","slug":"3d-jo-schoepfer","status":"publish","type":"page","link":"https:\/\/www.skk-soest.de\/en\/3d-wegweisende-plastik-der-konkreten-gegenwart\/3d-jo-schoepfer\/","title":{"rendered":"JO SCH\u00d6PFER"},"content":{"rendered":"<div class=\"wp-block-image\">\n<figure class=\"alignright size-large is-resized\"><img loading=\"lazy\" decoding=\"async\" width=\"682\" height=\"1024\" src=\"https:\/\/www.skk-soest.de\/wp-content\/uploads\/Schoepfer-web-682x1024.jpg\" alt=\"\" class=\"wp-image-5968\" style=\"width:350px\" srcset=\"https:\/\/www.skk-soest.de\/wp-content\/uploads\/Schoepfer-web-682x1024.jpg 682w, https:\/\/www.skk-soest.de\/wp-content\/uploads\/Schoepfer-web-200x300.jpg 200w, https:\/\/www.skk-soest.de\/wp-content\/uploads\/Schoepfer-web-768x1154.jpg 768w, https:\/\/www.skk-soest.de\/wp-content\/uploads\/Schoepfer-web-250x376.jpg 250w, https:\/\/www.skk-soest.de\/wp-content\/uploads\/Schoepfer-web.jpg 786w\" sizes=\"auto, (max-width: 682px) 100vw, 682px\" \/><figcaption class=\"wp-element-caption\">Relief (VI-21) | 2021 | Bronzeguss | 57 x 42 x 9,5 cm<\/figcaption><\/figure>\n<\/div>\n\n\n<p>Jo Sch\u00f6pfer erschafft mit seinen Bronzeplastiken und -reliefs K\u00f6rper und Kompositionen in einer klaren, der Minimal Art verpflichteten Formen- sprache, wobei sich die Werke in der Besch\u00e4ftigung mit Masse, Raum und Volumen formal h\u00e4ufig an der Grenze zwischen Bildhauerei und Ar- chitektur bewegen. Und dennoch wohnt den meisten Arbeiten durch die ungew\u00f6hnlichen Oberfl\u00e4chen etwas Organisches und Emotionales inne. W\u00e4hrend er seine Modelle aus verformbaren Stoffen wie Wellpappe, Holz oder Wachs baut, die beim Bronzeguss g\u00e4nzlich verbrennen, werden die Formen in starre K\u00f6rper \u00fcberf\u00fchrt. Dabei bleiben die Oberfl\u00e4chenstruktu- ren des urspr\u00fcnglichen Materials sichtbar erhalten.<\/p>\n\n\n\n<p>Viele Arbeiten verf\u00fcgen durch die Verwandlung des plastischen Kerns<br>in eine zum Raum hin ge\u00f6ffnete Form \u00fcber eine gewisse Leichtigkeit, womit der K\u00fcnstler den sich \u00fcber Masse und Volumen definierenden traditionellen Skulptur-Begriff aufbricht und filigrane Strukturen die<br>als das Dazwischen, als Form gebende Leerr\u00e4ume, Gestalt annehmen. Die Kombination aus harten, starren Materialien mit unterschiedlichen Oberfl\u00e4chen und die Rhythmik der Linien und Fl\u00e4chen, sowie die offenen, lediglich umschriebenen Volumen entfalten eine ganz eigene Kraft.<\/p>\n\n\n\n<p>Auszug aus: Nanna Preussners Vorwort, Jo Sch\u00f6pfer, Feststoffe, Hamburg 2021<\/p>\n\n\n\n<p>\/\/\/<\/p>\n\n\n\n<p>In his bronze sculptures and reliefs, Jo Sch\u00f6pfer produces volumes and compositions using a distinct formal language indebted to Minimal Art; formally, the works are often located on the borderline between sculpture and architecture in their preoccupation with mass, space and volume. Yet there is something organic and emotional about most of the works due to their unusual surfaces. While the artist constructs his models from malleable materials such as corrugated cardboard, wood or wax, these are burnt completely when a cast is made in bronze, and their forms are transformed into rigid bodies. But the surface structures of the original material are still visible.&nbsp;<\/p>\n\n\n\n<p>Since the plastic core is transformed into a shape open to the surrounding space, many works have a certain lightness, whereby the artist breaks with the traditional concept of sculpture defined by mass and volume, and his filigree structures take shape as the in-between, as empty spaces bestowing form. The combination of hard, rigid materials with different surfaces, the rhythm of the lines and planes, and the open, merely circumscribed volumes unfold a remarkable, unique power.<\/p>\n\n\n\n<p>Excerpt from: Nanna Preussners, Vorwort (Foreword), in: Jo Sch\u00f6pfer, Feststoffe, Hamburg 2021<\/p>\n\n\n\n<p><a href=\"http:\/\/www.joschoepfer.com\">www.joschoepfer.com<\/a><\/p>\n","protected":false},"excerpt":{"rendered":"<p>Jo Sch\u00f6pfer erschafft mit seinen Bronzeplastiken und -reliefs K\u00f6rper und Kompositionen in einer klaren, der Minimal Art verpflichteten Formen- sprache, wobei sich die Werke in der Besch\u00e4ftigung mit Masse, Raum&#8230; <\/p>\n<div class=\"link-more\"><a href=\"https:\/\/www.skk-soest.de\/en\/3d-wegweisende-plastik-der-konkreten-gegenwart\/3d-jo-schoepfer\/\">Read More<\/a><\/div>\n","protected":false},"author":1,"featured_media":0,"parent":5838,"menu_order":0,"comment_status":"closed","ping_status":"closed","template":"","meta":{"ngg_post_thumbnail":0,"footnotes":""},"class_list":["post-6100","page","type-page","status-publish","hentry"],"translation":{"provider":"WPGlobus","version":"3.0.2","language":"en","enabled_languages":["de","en"],"languages":{"de":{"title":true,"content":true,"excerpt":false},"en":{"title":false,"content":false,"excerpt":false}}},"_links":{"self":[{"href":"https:\/\/www.skk-soest.de\/en\/wp-json\/wp\/v2\/pages\/6100","targetHints":{"allow":["GET"]}}],"collection":[{"href":"https:\/\/www.skk-soest.de\/en\/wp-json\/wp\/v2\/pages"}],"about":[{"href":"https:\/\/www.skk-soest.de\/en\/wp-json\/wp\/v2\/types\/page"}],"author":[{"embeddable":true,"href":"https:\/\/www.skk-soest.de\/en\/wp-json\/wp\/v2\/users\/1"}],"replies":[{"embeddable":true,"href":"https:\/\/www.skk-soest.de\/en\/wp-json\/wp\/v2\/comments?post=6100"}],"version-history":[{"count":4,"href":"https:\/\/www.skk-soest.de\/en\/wp-json\/wp\/v2\/pages\/6100\/revisions"}],"predecessor-version":[{"id":6310,"href":"https:\/\/www.skk-soest.de\/en\/wp-json\/wp\/v2\/pages\/6100\/revisions\/6310"}],"up":[{"embeddable":true,"href":"https:\/\/www.skk-soest.de\/en\/wp-json\/wp\/v2\/pages\/5838"}],"wp:attachment":[{"href":"https:\/\/www.skk-soest.de\/en\/wp-json\/wp\/v2\/media?parent=6100"}],"curies":[{"name":"wp","href":"https:\/\/api.w.org\/{rel}","templated":true}]}}