{"id":6103,"date":"2024-09-10T14:38:45","date_gmt":"2024-09-10T12:38:45","guid":{"rendered":"https:\/\/www.skk-soest.de\/?page_id=6103"},"modified":"2024-09-21T13:08:26","modified_gmt":"2024-09-21T11:08:26","slug":"3d-shawn-stipling","status":"publish","type":"page","link":"https:\/\/www.skk-soest.de\/en\/3d-wegweisende-plastik-der-konkreten-gegenwart\/3d-shawn-stipling\/","title":{"rendered":"SHAWN STIPLING"},"content":{"rendered":"\n<p>Eine menschlichere Linie?<\/p>\n\n\n\n<p>Wie oft hat man schon geh\u00f6rt, dass bestimmte Arten von Zeichnungen \u201emenschlicher\u201c sind? Die von Hand gezeichnete und wackelige Linie, die Fehler, Pannen, der gescheiterte Versuch der Perfektion. Diese Unregelm\u00e4- \u00dfigkeiten werden als menschlicher interpretiert, weil wir als Menschen un- vollkommen sind, und daher m\u00fcssen diese stammelnden Formen logischer- weise repr\u00e4sentativer f\u00fcr uns sein. Nur Linien, die durch die menschliche Hand bereichert wurden, k\u00f6nnen Charakter und Emotionen vermitteln und sind zweifelsohne ein einzigartiger Ausdruck des menschlichen Daseins.<\/p>\n\n\n\n<p>Doch wenn wir diese handgezeichnete Linie genauer betrachten, k\u00f6nnen wir uns auch die Frage stellen: Ist sie wirklich so einzigartig menschlich? Wo haben wir so etwas schon einmal gesehen? K\u00f6nnten wir nicht einen \u00e4hnlichen Verlauf entlang des St\u00e4ngels einer Pflanze, der Spur eines Tieres, den Rissen in einer Felswand nachzeichnen? Je mehr man dar\u00fcber nach- denkt, desto mehr findet man diese \u201emenschlichen\u201c Linien \u00fcberall, vom Grund des Ozeans bis zur Marsoberfl\u00e4che. Wie kann also etwas, das so allgegenw\u00e4rtig und so unabh\u00e4ngig von unserer Existenz ist, den Anspruch erheben, so wesentlich \u201emenschlich\u201c zu sein?<\/p>\n\n\n\n<p>Wenn wir von oben auf die Erde blicken w\u00fcrden, wo w\u00fcrden wir anfan- gen, nach Anzeichen f\u00fcr menschliches Leben zu suchen? W\u00fcrden wir den Verlauf eines Flusses oder die Konturen eines Berges als Beweis f\u00fcr unsere Existenz ansehen? Oder w\u00fcrden wir eher nach etwas suchen, das der Geometrie \u00e4hnelt? Oder vielleicht sogar nach dem seltensten aller Dinge, der perfekten geraden Linie.<\/p>\n\n\n\n<p>Shawn Stipling<br>aus dem Englischen \u00fcbersetzt von Juliane Rogge<\/p>\n\n\n\n<p>\/\/\/<\/p>\n\n\n\n<p>A Line More Human?<\/p>\n\n\n\n<p>How many times have you heard it said that certain kinds of drawing are \u2018more human\u2019? The hand drawn and wavering line, the mistakes, glitches, the failed attempt at perfection. These irregularities are interpreted as more human because we, as humans, are imperfect, and so as logic suggests, these faltering forms must be more representative of us. Only lines enriched by the human hand can deliver character and emotion, and be, without doubt, singularly expressive of the human condition.&nbsp;<br><\/p>\n\n\n\n<p>However, if we look at this hand drawn line more closely, can we possibly also ask the question: is it really so uniquely human? Where have we seen something like this before? Could we not trace a similar path along the stem of a plant, the track of an animal, the cracks in a rock-face? The more one thinks about it, these \u2018human\u2019 lines are everywhere, from the bottom of the ocean to the surface of Mars. And so how can something so pervasive, and so indifferent to our existence, lay claim to being so essentially \u2018human\u2019?&nbsp;<br><\/p>\n\n\n\n<p>If we were to look down at the Earth from above, where would we begin to search for signs of human life? Would we consider the path of a river or the contours of a mountain to be proof of our existence? Or would we be looking for something more akin to geometry? Or perhaps even that rarest of things, the perfectly&nbsp;<em>straight<\/em>&nbsp;line.<\/p>\n\n\n<div class=\"wp-block-image\">\n<figure class=\"aligncenter size-large\"><img loading=\"lazy\" decoding=\"async\" width=\"1024\" height=\"770\" src=\"https:\/\/www.skk-soest.de\/wp-content\/uploads\/Stipling-web-1024x770.png\" alt=\"\" class=\"wp-image-5980\" srcset=\"https:\/\/www.skk-soest.de\/wp-content\/uploads\/Stipling-web-1024x770.png 1024w, https:\/\/www.skk-soest.de\/wp-content\/uploads\/Stipling-web-300x226.png 300w, https:\/\/www.skk-soest.de\/wp-content\/uploads\/Stipling-web-768x577.png 768w, https:\/\/www.skk-soest.de\/wp-content\/uploads\/Stipling-web-1536x1155.png 1536w, https:\/\/www.skk-soest.de\/wp-content\/uploads\/Stipling-web-399x300.png 399w, https:\/\/www.skk-soest.de\/wp-content\/uploads\/Stipling-web-250x188.png 250w, https:\/\/www.skk-soest.de\/wp-content\/uploads\/Stipling-web.png 1571w\" sizes=\"auto, (max-width: 1024px) 100vw, 1024px\" \/><figcaption class=\"wp-element-caption\">A Line Less Human II | 2019 | Aluminium, Spr\u00fchlack | 15,2 x 230 x 0,8 cm<\/figcaption><\/figure>\n<\/div>\n\n\n<p><a href=\"http:\/\/www.shawnstipling.com\">www.shawnstipling.com<\/a><\/p>\n","protected":false},"excerpt":{"rendered":"<p>Eine menschlichere Linie? Wie oft hat man schon geh\u00f6rt, dass bestimmte Arten von Zeichnungen \u201emenschlicher\u201c sind? Die von Hand gezeichnete und wackelige Linie, die Fehler, Pannen, der gescheiterte Versuch der&#8230; <\/p>\n<div class=\"link-more\"><a href=\"https:\/\/www.skk-soest.de\/en\/3d-wegweisende-plastik-der-konkreten-gegenwart\/3d-shawn-stipling\/\">Read More<\/a><\/div>\n","protected":false},"author":1,"featured_media":0,"parent":5838,"menu_order":0,"comment_status":"closed","ping_status":"closed","template":"","meta":{"ngg_post_thumbnail":0,"footnotes":""},"class_list":["post-6103","page","type-page","status-publish","hentry"],"translation":{"provider":"WPGlobus","version":"3.0.2","language":"en","enabled_languages":["de","en"],"languages":{"de":{"title":true,"content":true,"excerpt":false},"en":{"title":false,"content":false,"excerpt":false}}},"_links":{"self":[{"href":"https:\/\/www.skk-soest.de\/en\/wp-json\/wp\/v2\/pages\/6103","targetHints":{"allow":["GET"]}}],"collection":[{"href":"https:\/\/www.skk-soest.de\/en\/wp-json\/wp\/v2\/pages"}],"about":[{"href":"https:\/\/www.skk-soest.de\/en\/wp-json\/wp\/v2\/types\/page"}],"author":[{"embeddable":true,"href":"https:\/\/www.skk-soest.de\/en\/wp-json\/wp\/v2\/users\/1"}],"replies":[{"embeddable":true,"href":"https:\/\/www.skk-soest.de\/en\/wp-json\/wp\/v2\/comments?post=6103"}],"version-history":[{"count":4,"href":"https:\/\/www.skk-soest.de\/en\/wp-json\/wp\/v2\/pages\/6103\/revisions"}],"predecessor-version":[{"id":6314,"href":"https:\/\/www.skk-soest.de\/en\/wp-json\/wp\/v2\/pages\/6103\/revisions\/6314"}],"up":[{"embeddable":true,"href":"https:\/\/www.skk-soest.de\/en\/wp-json\/wp\/v2\/pages\/5838"}],"wp:attachment":[{"href":"https:\/\/www.skk-soest.de\/en\/wp-json\/wp\/v2\/media?parent=6103"}],"curies":[{"name":"wp","href":"https:\/\/api.w.org\/{rel}","templated":true}]}}