{"id":6151,"date":"2024-09-10T14:52:11","date_gmt":"2024-09-10T12:52:11","guid":{"rendered":"https:\/\/www.skk-soest.de\/?page_id=6151"},"modified":"2024-09-21T13:10:46","modified_gmt":"2024-09-21T11:10:46","slug":"3d-beat-zoderer","status":"publish","type":"page","link":"https:\/\/www.skk-soest.de\/en\/3d-wegweisende-plastik-der-konkreten-gegenwart\/3d-beat-zoderer\/","title":{"rendered":"BEAT ZODERER"},"content":{"rendered":"\n<p>Beat Zoderer geh\u00f6rt mit seinen unverwechselbaren Objekten, Bildern und Installationen zu den f\u00fchrenden Kunstschaffenden der Schwei-<br>zer Kunstszene und hat sich auch international einen gro\u00dfen Namen gemacht. Unscheinbare Alltagsgegenst\u00e4nde und Materialien aus dem Baumarkt bilden die Komponenten, aus dem Zoderer seine filigranen Werke kombiniert. PVC, Bauplatten, Gummib\u00e4nder, Metallstreifen oder ausgegossene Styroporkugeln verschmelzen zu radikalen optischen Ge- bilden, die bei genauer Betrachtung durch ihre Leichtigkeit \u00fcberraschen. Das Spiel mit der Hinterfragung der Sehkonventionen macht seine Kunst \u00fcberraschend und gewinnend.<\/p>\n\n\n\n<p>\/\/\/<\/p>\n\n\n\n<p>His unmistakable objects, paintings and installations make Beat Zoderer one of the leading artists on the Swiss art scene, one who has also made a name for himself internationally. Inconspicuous everyday objects and materials from a DIY store are the components that Zoderer combines to create his filigree works. PVC, building panels, rubber bands, metal strips or moulded polystyrene balls are employed to form radical optical structures that astonish the viewer with their lightness up-close. Playful questioning of visual conventions makes his art both surprising and captivating.<\/p>\n\n\n<div class=\"wp-block-image\">\n<figure class=\"aligncenter size-large\"><img loading=\"lazy\" decoding=\"async\" width=\"1024\" height=\"652\" src=\"https:\/\/www.skk-soest.de\/wp-content\/uploads\/Zoderer-Landscape-alternative-web-1024x652.jpg\" alt=\"\" class=\"wp-image-6009\" srcset=\"https:\/\/www.skk-soest.de\/wp-content\/uploads\/Zoderer-Landscape-alternative-web-1024x652.jpg 1024w, https:\/\/www.skk-soest.de\/wp-content\/uploads\/Zoderer-Landscape-alternative-web-300x191.jpg 300w, https:\/\/www.skk-soest.de\/wp-content\/uploads\/Zoderer-Landscape-alternative-web-768x489.jpg 768w, https:\/\/www.skk-soest.de\/wp-content\/uploads\/Zoderer-Landscape-alternative-web-1536x977.jpg 1536w, https:\/\/www.skk-soest.de\/wp-content\/uploads\/Zoderer-Landscape-alternative-web-471x300.jpg 471w, https:\/\/www.skk-soest.de\/wp-content\/uploads\/Zoderer-Landscape-alternative-web-250x159.jpg 250w, https:\/\/www.skk-soest.de\/wp-content\/uploads\/Zoderer-Landscape-alternative-web.jpg 1856w\" sizes=\"auto, (max-width: 1024px) 100vw, 1024px\" \/><figcaption class=\"wp-element-caption\">Untitled (Landscape) | 2011 | Acryl auf Aluminium, genietet zweiteilig: 50 x 153 x 55 cm; \u00d8 53 cm<\/figcaption><\/figure>\n<\/div>\n\n\n<p><a href=\"http:\/\/www.zoderer.ch\">www.zoderer.ch<\/a><\/p>\n","protected":false},"excerpt":{"rendered":"<p>Beat Zoderer geh\u00f6rt mit seinen unverwechselbaren Objekten, Bildern und Installationen zu den f\u00fchrenden Kunstschaffenden der Schwei-zer Kunstszene und hat sich auch international einen gro\u00dfen Namen gemacht. Unscheinbare Alltagsgegenst\u00e4nde und Materialien&#8230; <\/p>\n<div class=\"link-more\"><a href=\"https:\/\/www.skk-soest.de\/en\/3d-wegweisende-plastik-der-konkreten-gegenwart\/3d-beat-zoderer\/\">Read More<\/a><\/div>\n","protected":false},"author":1,"featured_media":0,"parent":5838,"menu_order":0,"comment_status":"closed","ping_status":"closed","template":"","meta":{"ngg_post_thumbnail":0,"footnotes":""},"class_list":["post-6151","page","type-page","status-publish","hentry"],"translation":{"provider":"WPGlobus","version":"3.0.2","language":"en","enabled_languages":["de","en"],"languages":{"de":{"title":true,"content":true,"excerpt":false},"en":{"title":false,"content":false,"excerpt":false}}},"_links":{"self":[{"href":"https:\/\/www.skk-soest.de\/en\/wp-json\/wp\/v2\/pages\/6151","targetHints":{"allow":["GET"]}}],"collection":[{"href":"https:\/\/www.skk-soest.de\/en\/wp-json\/wp\/v2\/pages"}],"about":[{"href":"https:\/\/www.skk-soest.de\/en\/wp-json\/wp\/v2\/types\/page"}],"author":[{"embeddable":true,"href":"https:\/\/www.skk-soest.de\/en\/wp-json\/wp\/v2\/users\/1"}],"replies":[{"embeddable":true,"href":"https:\/\/www.skk-soest.de\/en\/wp-json\/wp\/v2\/comments?post=6151"}],"version-history":[{"count":5,"href":"https:\/\/www.skk-soest.de\/en\/wp-json\/wp\/v2\/pages\/6151\/revisions"}],"predecessor-version":[{"id":6321,"href":"https:\/\/www.skk-soest.de\/en\/wp-json\/wp\/v2\/pages\/6151\/revisions\/6321"}],"up":[{"embeddable":true,"href":"https:\/\/www.skk-soest.de\/en\/wp-json\/wp\/v2\/pages\/5838"}],"wp:attachment":[{"href":"https:\/\/www.skk-soest.de\/en\/wp-json\/wp\/v2\/media?parent=6151"}],"curies":[{"name":"wp","href":"https:\/\/api.w.org\/{rel}","templated":true}]}}