{"id":8397,"date":"2025-03-14T16:51:09","date_gmt":"2025-03-14T15:51:09","guid":{"rendered":"https:\/\/www.skk-soest.de\/?page_id=8397"},"modified":"2025-06-16T14:06:20","modified_gmt":"2025-06-16T12:06:20","slug":"westfarbe-vi-christoph-dahlhausen","status":"publish","type":"page","link":"https:\/\/www.skk-soest.de\/en\/westfarbe-vi\/westfarbe-vi-christoph-dahlhausen\/","title":{"rendered":"CHRISTOPH DAHLHAUSEN"},"content":{"rendered":"\n<p>Der in Bonn und Melbourne lebende Christoph Dahlhausen l\u00e4sst Licht f\u00fcr sich malen. Er verwendet bei den Werken seiner Werkgruppe \u201aBodies\u2018 Autolacke auf Wabenpanel, so stark hochglanzpoliert, dass sie spiegeln und die Identifikation der Farbe durch eben diese Spiegelungen nicht eindeutig m\u00f6glich wird.<\/p>\n\n\n\n<p>Bei wenigen Malern ist der Kontext, der Raum und die Welt um das Werk so evident wichtig wie bei Christoph Dahlhausen. Nicht nur die Reflexion integriert den umgebenden Raum und die Betrachtenden in das Werk, die Abstrahlung von Licht an die Wand durch die aufgerissenen Kanten der Aluminiumwabenpanele erweitern das Werk ebenfalls, sodass man sich fragt, wo das Werk beginnt und wo es endet?<\/p>\n\n\n\n<p>Als Maler ist Dahlhausen immer am Licht in der Interaktion mit Farbe und dem Raum interessiert. Seine Werke changieren zwischen Bild und Objekt. Das Werk wird k\u00f6rperlich wiewohl die Farbe auf dem \u201aMalgrund\u2018 \u00e4u\u00dferst d\u00fcnn und durch die fast abweisende undurchdringliche reflexive Oberfl\u00e4che k\u00f6rperlos erscheint. Fragen nach der Verankerung des Werkes in der Welt und grunds\u00e4tzliche Fragen nach der G\u00fcltigkeit oder Eindeutigkeit des Werkes sind f\u00fcr Dahlhausen ebenso relevant wie das sinnliche Erleben von Farbe, Licht und Raum auch als Wert und poetische Qualit\u00e4t.<\/p>\n\n\n\n<p><a href=\"http:\/\/www.christoph-dahlhausen.de\">www.christoph-dahlhausen.de<\/a><\/p>\n\n\n\n<div class=\"wp-block-columns is-layout-flex wp-container-core-columns-is-layout-9d6595d7 wp-block-columns-is-layout-flex\">\n<div class=\"wp-block-column is-layout-flow wp-block-column-is-layout-flow\">\n<p>Bodies, 2017<br>Autolack auf Aluwabenpaneel<br>120 x 53,5 x 3 cm<br>Courtesy c.art gallery<\/p>\n<\/div>\n\n\n\n<div class=\"wp-block-column is-layout-flow wp-block-column-is-layout-flow\">\n<p>Bodies (mini), 2025<br>Autolack auf Vinyl auf Aluwabenpaneel<br>5 x 5 x 5 cm<br>Courtesy c.art gallery<\/p>\n<\/div>\n\n\n\n<div class=\"wp-block-column is-layout-flow wp-block-column-is-layout-flow\">\n<p>Bodies, 2017<br>Autolack auf Aluwabenpaneel<br>158 x 122,5 x 2 cm<br>Courtesy Galerie Kim Behm<\/p>\n<\/div>\n<\/div>\n","protected":false},"excerpt":{"rendered":"<p>Der in Bonn und Melbourne lebende Christoph Dahlhausen l\u00e4sst Licht f\u00fcr sich malen. Er verwendet bei den Werken seiner Werkgruppe \u201aBodies\u2018 Autolacke auf Wabenpanel, so stark hochglanzpoliert, dass sie spiegeln&#8230; <\/p>\n<div class=\"link-more\"><a href=\"https:\/\/www.skk-soest.de\/en\/westfarbe-vi\/westfarbe-vi-christoph-dahlhausen\/\">Read More<\/a><\/div>\n","protected":false},"author":1,"featured_media":0,"parent":26613,"menu_order":0,"comment_status":"closed","ping_status":"closed","template":"","meta":{"ngg_post_thumbnail":0,"footnotes":""},"class_list":["post-8397","page","type-page","status-publish","hentry"],"translation":{"provider":"WPGlobus","version":"3.0.2","language":"en","enabled_languages":["de","en"],"languages":{"de":{"title":true,"content":true,"excerpt":false},"en":{"title":false,"content":false,"excerpt":false}}},"_links":{"self":[{"href":"https:\/\/www.skk-soest.de\/en\/wp-json\/wp\/v2\/pages\/8397","targetHints":{"allow":["GET"]}}],"collection":[{"href":"https:\/\/www.skk-soest.de\/en\/wp-json\/wp\/v2\/pages"}],"about":[{"href":"https:\/\/www.skk-soest.de\/en\/wp-json\/wp\/v2\/types\/page"}],"author":[{"embeddable":true,"href":"https:\/\/www.skk-soest.de\/en\/wp-json\/wp\/v2\/users\/1"}],"replies":[{"embeddable":true,"href":"https:\/\/www.skk-soest.de\/en\/wp-json\/wp\/v2\/comments?post=8397"}],"version-history":[{"count":3,"href":"https:\/\/www.skk-soest.de\/en\/wp-json\/wp\/v2\/pages\/8397\/revisions"}],"predecessor-version":[{"id":8612,"href":"https:\/\/www.skk-soest.de\/en\/wp-json\/wp\/v2\/pages\/8397\/revisions\/8612"}],"up":[{"embeddable":true,"href":"https:\/\/www.skk-soest.de\/en\/wp-json\/wp\/v2\/pages\/26613"}],"wp:attachment":[{"href":"https:\/\/www.skk-soest.de\/en\/wp-json\/wp\/v2\/media?parent=8397"}],"curies":[{"name":"wp","href":"https:\/\/api.w.org\/{rel}","templated":true}]}}