{"id":8430,"date":"2025-03-14T16:58:18","date_gmt":"2025-03-14T15:58:18","guid":{"rendered":"https:\/\/www.skk-soest.de\/?page_id=8430"},"modified":"2025-06-16T14:07:01","modified_gmt":"2025-06-16T12:07:01","slug":"westfarbe-vi-katharina-grosse","status":"publish","type":"page","link":"https:\/\/www.skk-soest.de\/en\/westfarbe-vi\/westfarbe-vi-katharina-grosse\/","title":{"rendered":"KATHARINA GROSSE"},"content":{"rendered":"\n<p>Katharina Grosse ist eine der gro\u00dfen internationalen Malerstars. Vor Jahren begann sie eine Maltechnik zu entwickeln, in der sie Farbe nicht mehr malte, sondern in gro\u00dfen und raumgreifenden, expansiven Fl\u00e4chen sprayte. Sie sprayte auf fast alles\u2026 Nichts schien in gewissem Sinn vor der K\u00fcnstlerin sicher zu sein. Grosse bespr\u00fchte Regale, Fenster, B\u00f6den und im Jahr 2016 sogar ein ganzes Haus am Strand von New York mitsamt des Strandes.<\/p>\n\n\n\n<p>Eines der hier pr\u00e4sentierten Werke zeigt Malerei ohne im eigentlichen Sinn gemalt zu sein. Die K\u00fcnstlerin hat zur Unterst\u00fctzung eines Charity-Projektes in Berlin hunderte Bierflaschen der Firma BRLO bespr\u00fcht. Jede Flasche ist ein Unikat und ein Kunstwerk.<br><\/p>\n\n\n\n<p>Wo ist letztlich der Unterschied zwischen der pr\u00e4sentierten Leinwandarbeit im Eingang der Ausstellung und den Bierflaschen, jenseits der Tatsache, dass der Tr\u00e4ger verschieden ist? F\u00fcr Grosse allerdings ist dies ein unerheblicher Aspekt, ebenso die Unterscheidung von Bild (Leinwandarbeit) und Objekt oder Skulptur (Malerei auf Bierflasche).<br><\/p>\n\n\n\n<p>Ihre Werke ignorieren und unterlaufen konventionelle Kategorien wie Vorder- und Hintergrund, Bildfl\u00e4che, Innenraum und Bildrand. Das Tun der K\u00fcnstlerin zeigt auch im Ergebnis eine Malerei mit stark performativem Charakter.<\/p>\n\n\n\n<p><a href=\"http:\/\/www.katharinagrosse.com\">www.katharinagrosse.com<\/a><\/p>\n\n\n\n<div class=\"wp-block-columns is-layout-flex wp-container-core-columns-is-layout-9d6595d7 wp-block-columns-is-layout-flex\">\n<div class=\"wp-block-column is-layout-flow wp-block-column-is-layout-flow\">\n<p>BRLO, 2016<br>Acryllack auf Bierflaschen, Bierkasten<br>BRLO, 2017<br>ca. 52 x 60 x 70 cm<br>Privatsammlung<\/p>\n<\/div>\n\n\n\n<div class=\"wp-block-column is-layout-flow wp-block-column-is-layout-flow\">\n<p>o. T., 1994<br>Acryl auf Leinwand<br>70 x 94 cm<br>Sammlung Frederick<\/p>\n<\/div>\n\n\n\n<div class=\"wp-block-column is-layout-flow wp-block-column-is-layout-flow\">\n<p>o. T., 1999<br>Acryl auf Aluminium<br>125 x 94 cm<br>Sammlung Frederick<\/p>\n<\/div>\n<\/div>\n","protected":false},"excerpt":{"rendered":"<p>Katharina Grosse ist eine der gro\u00dfen internationalen Malerstars. Vor Jahren begann sie eine Maltechnik zu entwickeln, in der sie Farbe nicht mehr malte, sondern in gro\u00dfen und raumgreifenden, expansiven Fl\u00e4chen&#8230; <\/p>\n<div class=\"link-more\"><a href=\"https:\/\/www.skk-soest.de\/en\/westfarbe-vi\/westfarbe-vi-katharina-grosse\/\">Read More<\/a><\/div>\n","protected":false},"author":1,"featured_media":0,"parent":26613,"menu_order":0,"comment_status":"closed","ping_status":"closed","template":"","meta":{"ngg_post_thumbnail":0,"footnotes":""},"class_list":["post-8430","page","type-page","status-publish","hentry"],"translation":{"provider":"WPGlobus","version":"3.0.2","language":"en","enabled_languages":["de","en"],"languages":{"de":{"title":true,"content":true,"excerpt":false},"en":{"title":false,"content":false,"excerpt":false}}},"_links":{"self":[{"href":"https:\/\/www.skk-soest.de\/en\/wp-json\/wp\/v2\/pages\/8430","targetHints":{"allow":["GET"]}}],"collection":[{"href":"https:\/\/www.skk-soest.de\/en\/wp-json\/wp\/v2\/pages"}],"about":[{"href":"https:\/\/www.skk-soest.de\/en\/wp-json\/wp\/v2\/types\/page"}],"author":[{"embeddable":true,"href":"https:\/\/www.skk-soest.de\/en\/wp-json\/wp\/v2\/users\/1"}],"replies":[{"embeddable":true,"href":"https:\/\/www.skk-soest.de\/en\/wp-json\/wp\/v2\/comments?post=8430"}],"version-history":[{"count":3,"href":"https:\/\/www.skk-soest.de\/en\/wp-json\/wp\/v2\/pages\/8430\/revisions"}],"predecessor-version":[{"id":8604,"href":"https:\/\/www.skk-soest.de\/en\/wp-json\/wp\/v2\/pages\/8430\/revisions\/8604"}],"up":[{"embeddable":true,"href":"https:\/\/www.skk-soest.de\/en\/wp-json\/wp\/v2\/pages\/26613"}],"wp:attachment":[{"href":"https:\/\/www.skk-soest.de\/en\/wp-json\/wp\/v2\/media?parent=8430"}],"curies":[{"name":"wp","href":"https:\/\/api.w.org\/{rel}","templated":true}]}}