{"id":8463,"date":"2025-03-14T17:11:48","date_gmt":"2025-03-14T16:11:48","guid":{"rendered":"https:\/\/www.skk-soest.de\/?page_id=8463"},"modified":"2025-06-18T14:17:31","modified_gmt":"2025-06-18T12:17:31","slug":"westfarbe-vi-joseph-marioni","status":"publish","type":"page","link":"https:\/\/www.skk-soest.de\/en\/westfarbe-vi\/westfarbe-vi-joseph-marioni\/","title":{"rendered":"JOSEPH MARIONI"},"content":{"rendered":"\n<p>Der k\u00fcrzlich verstorbene US-amerikanische K\u00fcnstler Joseph Marioni (1943\u20132024) z\u00e4hlt zu den bedeutendsten Vertreter*innen der sogenannten Radikalen Malerei, einer Malerei, deren Fokus die Farbe als eigener Topos ist. In der Folge von K\u00fcnstler*innen wie Pollock, Rothko oder Newman, die das US-amerikanische Radical Painting pr\u00e4gten, suchte Marioni nach Mitteln, die Farbe selbst als Medium und spezifische Form des Ausdrucks zu erforschen. In New York und Philadelphia lebend war er seit vielen Jahrzehnten gerade im deutschsprachigen Raum stark pr\u00e4sent und f\u00fcr viele K\u00fcnstler*innen pr\u00e4gend.<\/p>\n\n\n\n<p>Marionis Umgang mit Farbe ist ein eigener subtiler, dessen Ergebnis und Bild-Erscheinung zum einen starker Ausdruck des Prozesses der Bildentstehung ist und zum anderen Farbe als etwas Wesenhaftes sein l\u00e4sst. Viele Lasurschichten liegen \u00fcbereinander, Flie\u00df- oder Laufspuren sind erkennbar, lesbar und zeigen am unteren Bildrand Akzentuierungen des Bildgeschehens. Farbe wird bei Marioni lebendig, durchscheinend und k\u00f6rperlich zugleich.<\/p>\n\n\n\n<p><a href=\"http:\/\/www.thepainter.net\">www.thepainter.net<\/a><\/p>\n\n\n\n<p>o.T. (painting # 7 -78), 1978<br>Acryl und Leinwand auf Keilrahmen<br>74,7 x 51,6 cm<br>Privatsammlung<\/p>\n","protected":false},"excerpt":{"rendered":"<p>Der k\u00fcrzlich verstorbene US-amerikanische K\u00fcnstler Joseph Marioni (1943\u20132024) z\u00e4hlt zu den bedeutendsten Vertreter*innen der sogenannten Radikalen Malerei, einer Malerei, deren Fokus die Farbe als eigener Topos ist. In der Folge&#8230; <\/p>\n<div class=\"link-more\"><a href=\"https:\/\/www.skk-soest.de\/en\/westfarbe-vi\/westfarbe-vi-joseph-marioni\/\">Read More<\/a><\/div>\n","protected":false},"author":1,"featured_media":0,"parent":26613,"menu_order":0,"comment_status":"closed","ping_status":"closed","template":"","meta":{"ngg_post_thumbnail":0,"footnotes":""},"class_list":["post-8463","page","type-page","status-publish","hentry"],"translation":{"provider":"WPGlobus","version":"3.0.2","language":"en","enabled_languages":["de","en"],"languages":{"de":{"title":true,"content":true,"excerpt":false},"en":{"title":false,"content":false,"excerpt":false}}},"_links":{"self":[{"href":"https:\/\/www.skk-soest.de\/en\/wp-json\/wp\/v2\/pages\/8463","targetHints":{"allow":["GET"]}}],"collection":[{"href":"https:\/\/www.skk-soest.de\/en\/wp-json\/wp\/v2\/pages"}],"about":[{"href":"https:\/\/www.skk-soest.de\/en\/wp-json\/wp\/v2\/types\/page"}],"author":[{"embeddable":true,"href":"https:\/\/www.skk-soest.de\/en\/wp-json\/wp\/v2\/users\/1"}],"replies":[{"embeddable":true,"href":"https:\/\/www.skk-soest.de\/en\/wp-json\/wp\/v2\/comments?post=8463"}],"version-history":[{"count":3,"href":"https:\/\/www.skk-soest.de\/en\/wp-json\/wp\/v2\/pages\/8463\/revisions"}],"predecessor-version":[{"id":8593,"href":"https:\/\/www.skk-soest.de\/en\/wp-json\/wp\/v2\/pages\/8463\/revisions\/8593"}],"up":[{"embeddable":true,"href":"https:\/\/www.skk-soest.de\/en\/wp-json\/wp\/v2\/pages\/26613"}],"wp:attachment":[{"href":"https:\/\/www.skk-soest.de\/en\/wp-json\/wp\/v2\/media?parent=8463"}],"curies":[{"name":"wp","href":"https:\/\/api.w.org\/{rel}","templated":true}]}}