{"id":1135,"date":"2014-09-28T17:12:25","date_gmt":"2014-09-28T15:12:25","guid":{"rendered":"http:\/\/www.skk-soest.de\/?post_type=product&#038;p=1135"},"modified":"2024-04-22T16:36:59","modified_gmt":"2024-04-22T14:36:59","slug":"hellweg-konkret-k-g-schmidt-carlernst-kuersten-und-weggefaehrten","status":"publish","type":"product","link":"https:\/\/www.skk-soest.de\/en\/Produkt\/hellweg-konkret-k-g-schmidt-carlernst-kuersten-und-weggefaehrten\/","title":{"rendered":"Hellweg Konkret: K. G. Schmidt, Carlernst K\u00fcrten und Weggef\u00e4hrten"},"content":{"rendered":"<p>Katalog zur Ausstellung Hellweg Konkret I K.G. Schmidt, Carlernst K\u00fcrten und Weggef\u00e4hrten<\/p>\n<p>118 Seiten<\/p>\n<p>ISBN 978-3-86206-415-1<\/p>\n","protected":false},"excerpt":{"rendered":"<p>Katalog I<\/p>\n<p>118 Seiten<\/p>\n<p>ISBN 978-3-86206-415-1<\/p>\n","protected":false},"featured_media":1140,"template":"","meta":{"ngg_post_thumbnail":0},"product_brand":[],"product_cat":[144,72],"product_tag":[],"class_list":{"0":"post-1135","1":"product","2":"type-product","3":"status-publish","4":"has-post-thumbnail","6":"product_cat-kataloge-hellweg-konkret","7":"product_cat-angebote","9":"first","10":"instock","11":"sale","12":"shipping-taxable","13":"purchasable","14":"product-type-simple"},"translation":{"provider":"WPGlobus","version":"3.0.2","language":"en","enabled_languages":["de","en"],"languages":{"de":{"title":true,"content":true,"excerpt":true},"en":{"title":false,"content":false,"excerpt":false}}},"_links":{"self":[{"href":"https:\/\/www.skk-soest.de\/en\/wp-json\/wp\/v2\/product\/1135","targetHints":{"allow":["GET"]}}],"collection":[{"href":"https:\/\/www.skk-soest.de\/en\/wp-json\/wp\/v2\/product"}],"about":[{"href":"https:\/\/www.skk-soest.de\/en\/wp-json\/wp\/v2\/types\/product"}],"wp:featuredmedia":[{"embeddable":true,"href":"https:\/\/www.skk-soest.de\/en\/wp-json\/wp\/v2\/media\/1140"}],"wp:attachment":[{"href":"https:\/\/www.skk-soest.de\/en\/wp-json\/wp\/v2\/media?parent=1135"}],"wp:term":[{"taxonomy":"product_brand","embeddable":true,"href":"https:\/\/www.skk-soest.de\/en\/wp-json\/wp\/v2\/product_brand?post=1135"},{"taxonomy":"product_cat","embeddable":true,"href":"https:\/\/www.skk-soest.de\/en\/wp-json\/wp\/v2\/product_cat?post=1135"},{"taxonomy":"product_tag","embeddable":true,"href":"https:\/\/www.skk-soest.de\/en\/wp-json\/wp\/v2\/product_tag?post=1135"}],"curies":[{"name":"wp","href":"https:\/\/api.w.org\/{rel}","templated":true}]}}