{"id":1145,"date":"2017-08-29T17:29:56","date_gmt":"2017-08-29T15:29:56","guid":{"rendered":"http:\/\/www.skk-soest.de\/?post_type=product&#038;p=1145"},"modified":"2024-04-22T16:36:45","modified_gmt":"2024-04-22T14:36:45","slug":"katalog-hellweg-konkret-und-die-internationale-gegenwartskunst-ergaenzungsband","status":"publish","type":"product","link":"https:\/\/www.skk-soest.de\/en\/Produkt\/katalog-hellweg-konkret-und-die-internationale-gegenwartskunst-ergaenzungsband\/","title":{"rendered":"Hellweg Konkret I kpl. 1. Reihe"},"content":{"rendered":"<p>Hellweg KONKRET &#8211; kpl. Katalogreihe zur 1 Ausstellungsfolge.<\/p>\n<p>Hellweg Konkret und die internationale Gegenwartskunst, Erich L\u00fctkenhaus, Gerhard Weber und K\u00fcnstlerkollegen \u2013 Konkret + Spielerisch, K.G. Schmidt, Carlernst K\u00fcrten und Weggef\u00e4hrten, Hellweg Konkret und die internationale Gegenwartskunst (Erg\u00e4nzungsband), Die kristalline Welt des K.G. Schmidt<\/p>\n<p>Ges. erhalten Sie 5 Ausstellungskataloge der einzelnen Spielorte (Soest, Ahlen, Arnsberg, Hamm und Unna)<\/p>\n","protected":false},"excerpt":{"rendered":"<p>5 Ausstellungskataloge der einzelnen Spielorte (Soest, Ahlen, Arnsberg, Hamm und Unna) zur 1. Ausstellungsserie Hellweg KONKRET<\/p>\n","protected":false},"featured_media":3474,"template":"","meta":{"ngg_post_thumbnail":0},"product_brand":[],"product_cat":[144,72],"product_tag":[],"class_list":{"0":"post-1145","1":"product","2":"type-product","3":"status-publish","4":"has-post-thumbnail","6":"product_cat-kataloge-hellweg-konkret","7":"product_cat-angebote","9":"first","10":"instock","11":"sale","12":"shipping-taxable","13":"purchasable","14":"product-type-simple"},"translation":{"provider":"WPGlobus","version":"3.0.2","language":"en","enabled_languages":["de","en"],"languages":{"de":{"title":true,"content":true,"excerpt":true},"en":{"title":false,"content":false,"excerpt":false}}},"_links":{"self":[{"href":"https:\/\/www.skk-soest.de\/en\/wp-json\/wp\/v2\/product\/1145","targetHints":{"allow":["GET"]}}],"collection":[{"href":"https:\/\/www.skk-soest.de\/en\/wp-json\/wp\/v2\/product"}],"about":[{"href":"https:\/\/www.skk-soest.de\/en\/wp-json\/wp\/v2\/types\/product"}],"wp:featuredmedia":[{"embeddable":true,"href":"https:\/\/www.skk-soest.de\/en\/wp-json\/wp\/v2\/media\/3474"}],"wp:attachment":[{"href":"https:\/\/www.skk-soest.de\/en\/wp-json\/wp\/v2\/media?parent=1145"}],"wp:term":[{"taxonomy":"product_brand","embeddable":true,"href":"https:\/\/www.skk-soest.de\/en\/wp-json\/wp\/v2\/product_brand?post=1145"},{"taxonomy":"product_cat","embeddable":true,"href":"https:\/\/www.skk-soest.de\/en\/wp-json\/wp\/v2\/product_cat?post=1145"},{"taxonomy":"product_tag","embeddable":true,"href":"https:\/\/www.skk-soest.de\/en\/wp-json\/wp\/v2\/product_tag?post=1145"}],"curies":[{"name":"wp","href":"https:\/\/api.w.org\/{rel}","templated":true}]}}