{"id":1149,"date":"2017-09-20T17:18:26","date_gmt":"2017-09-20T15:18:26","guid":{"rendered":"http:\/\/www.skk-soest.de\/?post_type=product&#038;p=1149"},"modified":"2024-04-22T16:36:41","modified_gmt":"2024-04-22T14:36:41","slug":"hellweg-konkret-gaeste-konkret-katalog-zu-den-ausstellungen-2017","status":"publish","type":"product","link":"https:\/\/www.skk-soest.de\/en\/Produkt\/hellweg-konkret-gaeste-konkret-katalog-zu-den-ausstellungen-2017\/","title":{"rendered":"Hellweg Konkret: G\u00e4ste Konkret"},"content":{"rendered":"<p><span class=\"_4n-j _fbReactionComponent__eventDetailsContentTags fsl\" data-testid=\"event-permalink-details\">Insgesamt 23 K\u00fcnstler*innen aus Deutschland und Frankreich zeigen in dieser Ausstellung ca. 60 Arbeiten. Darunter sind gro\u00dfformatige Arbeiten ebenso vertreten wie relativ kleinformatige, die aber in ihrer Wirkung keineswegs \u201eklein\u201c sind. Auch sind recht farbintensive Arbeiten in dieser A<span class=\"text_exposed_show\">usstellung zu finden, genauso zur\u00fcckhaltende, in ihrer Wirkung deutlich intimere Arbeiten. Der \u201eAppendix\u201c wird durch eine lichtskulpturale Installation besonders in Szene gesetzt.<br \/>\nZum 30. Todestag des 1977 nach Bad Sassendorf gezogenen K\u00fcnstlers Karl Georg Schmidt erinnert das Erlebnismuseum Westf\u00e4lische Salzwelten in Bad Sassendorf nun an sein Sp\u00e4twerk, das ma\u00dfgeblich hier entstand.<\/span><\/span><\/p>\n","protected":false},"excerpt":{"rendered":"<p>Hellweg <strong>Konkret<\/strong>: G\u00e4ste <strong>Konkret <\/strong>und<strong> Die kristalline Welt des K. G. Schmidt<\/strong><\/p>\n<p>64 Seiten<\/p>\n<p>ISBN 978-3-9819110-0-8<\/p>\n","protected":false},"featured_media":1152,"template":"","meta":{"ngg_post_thumbnail":0},"product_brand":[],"product_cat":[144,57],"product_tag":[],"class_list":{"0":"post-1149","1":"product","2":"type-product","3":"status-publish","4":"has-post-thumbnail","6":"product_cat-kataloge-hellweg-konkret","7":"product_cat-unkategorisiert","9":"first","10":"instock","11":"shipping-taxable","12":"purchasable","13":"product-type-simple"},"translation":{"provider":"WPGlobus","version":"3.0.2","language":"en","enabled_languages":["de","en"],"languages":{"de":{"title":true,"content":true,"excerpt":true},"en":{"title":false,"content":false,"excerpt":false}}},"_links":{"self":[{"href":"https:\/\/www.skk-soest.de\/en\/wp-json\/wp\/v2\/product\/1149","targetHints":{"allow":["GET"]}}],"collection":[{"href":"https:\/\/www.skk-soest.de\/en\/wp-json\/wp\/v2\/product"}],"about":[{"href":"https:\/\/www.skk-soest.de\/en\/wp-json\/wp\/v2\/types\/product"}],"wp:featuredmedia":[{"embeddable":true,"href":"https:\/\/www.skk-soest.de\/en\/wp-json\/wp\/v2\/media\/1152"}],"wp:attachment":[{"href":"https:\/\/www.skk-soest.de\/en\/wp-json\/wp\/v2\/media?parent=1149"}],"wp:term":[{"taxonomy":"product_brand","embeddable":true,"href":"https:\/\/www.skk-soest.de\/en\/wp-json\/wp\/v2\/product_brand?post=1149"},{"taxonomy":"product_cat","embeddable":true,"href":"https:\/\/www.skk-soest.de\/en\/wp-json\/wp\/v2\/product_cat?post=1149"},{"taxonomy":"product_tag","embeddable":true,"href":"https:\/\/www.skk-soest.de\/en\/wp-json\/wp\/v2\/product_tag?post=1149"}],"curies":[{"name":"wp","href":"https:\/\/api.w.org\/{rel}","templated":true}]}}