{"id":1340,"date":"2017-12-21T13:24:06","date_gmt":"2017-12-21T12:24:06","guid":{"rendered":"http:\/\/www.skk-soest.de\/?post_type=product&#038;p=1340"},"modified":"2021-12-15T15:38:59","modified_gmt":"2021-12-15T14:38:59","slug":"katalog-painting-black","status":"publish","type":"product","link":"https:\/\/www.skk-soest.de\/en\/Produkt\/katalog-painting-black\/","title":{"rendered":"painting black"},"content":{"rendered":"<p>Katalog zur Ausstellung <strong>painting black<\/strong> im RAUM SCHROTH und Flur im Museum Wilhelm Morgner, Soest.<\/p>\n<p>Die Nicht-Farbe Schwarz gilt als Erzfeind des Malers. Der Kampf mit dem Antagonisten oder die kontemplative Meditation sind Antworten auf diese Herausforderung. Der Maler Ivo Ringe hat als Kurator die Ergebnisse von 43 internationalen K\u00fcnstler*innen der neuen Konkreten Kunst aus 10 Nationen Europas und den USA, die sich ins Schwarze vertieft haben, zusammengestellt. Nach Nationen gelistet finden sich in der Ausstellung 2 K\u00fcnstler aus Belgien, je 1 Schweiz-Amerikaner, Spanier, Ungar, Italiener und Schwede, 2 Niederl\u00e4nder sowie 2 Franzosen, 8 Briten, 11 US-Amerikaner und 13 Deutsche K\u00fcnstler*innen wieder. 5 Arbeiten kommen direkt aus der SAMMLUNG SCHROTH.<\/p>\n<p>Tim Allen | Stefan Annerel | Katrina Blannin | Joe Barnes | Kate Beck | Mats Bergquist | Andrew Bick | Alain Biltereyst | Britta Bogers | Joaquim Chancho | Philippe Chitarrini | Vincent Como | Deb Covell | Rudolf de Crignis | Matthew Deleget | Edgar Diehl | Alan Ebnother | Rupert Eder | Mark Francis | Frank Gerritz | Jon Groom | Alison Hall | Mark Harrington | Michael J\u00e4ger | Raymund Kaiser | Matt McClune | L\u00e1szl\u00f3 \u00d3tto | Sybille Pattscheck | Anton Quiring | David Rhodes | Ivo Ringe | Rolf Rose | Barbara Rosengarth | Elisabeth Sonneck | Shawn Stipling | Esther Stocker | G\u00fcnter Umberg | Jan van der Ploeg | Victor Vasarely | Dolf Verlinden | Don Voisine | Joan Witek<\/p>\n<p>Auf den 112 Seiten des Katalogs finden sich ein Vorwort des Stifters Carl-J\u00fcrgen Schroth und des Kurators Ivo Ringe Text, sowie von jedem*r K\u00fcnstler*in ein Statement und die Abbildung seines\/ihres ausgestellten Werkes.<\/p>\n<p>Hardcover, 112 Seiten<\/p>\n<p>Sprachen: deutsch, englisch<\/p>\n<p>Im Selbstverlag Stiftung Konzeptuelle Kunst<\/p>\n<p>ISBN 978-3-9819110-1-5<\/p>\n<div data-url=\"https:\/\/issuu.com\/skk-soest\/docs\/catalog_painting_black_issuu\" style=\"width: 1000px; height: 631px;\" class=\"issuuembed\"><\/div>\n<p><script type=\"text\/javascript\" src=\"\/\/e.issuu.com\/embed.js\" async=\"true\"><\/script><\/p>\n","protected":false},"excerpt":{"rendered":"<p><strong>painting black<\/strong><br \/>\nHardcover, 112 Seiten<br \/>\nSprachen: deutsch, englisch<br \/>\nISBN 978-3-9819110-1-5<\/p>\n","protected":false},"featured_media":1263,"template":"","meta":{"ngg_post_thumbnail":0},"product_brand":[],"product_cat":[57],"product_tag":[],"class_list":{"0":"post-1340","1":"product","2":"type-product","3":"status-publish","4":"has-post-thumbnail","6":"product_cat-unkategorisiert","7":"product_shipping_class-dw","9":"first","10":"instock","11":"shipping-taxable","12":"purchasable","13":"product-type-simple"},"translation":{"provider":"WPGlobus","version":"3.0.2","language":"en","enabled_languages":["de","en"],"languages":{"de":{"title":true,"content":true,"excerpt":true},"en":{"title":false,"content":false,"excerpt":false}}},"_links":{"self":[{"href":"https:\/\/www.skk-soest.de\/en\/wp-json\/wp\/v2\/product\/1340","targetHints":{"allow":["GET"]}}],"collection":[{"href":"https:\/\/www.skk-soest.de\/en\/wp-json\/wp\/v2\/product"}],"about":[{"href":"https:\/\/www.skk-soest.de\/en\/wp-json\/wp\/v2\/types\/product"}],"wp:featuredmedia":[{"embeddable":true,"href":"https:\/\/www.skk-soest.de\/en\/wp-json\/wp\/v2\/media\/1263"}],"wp:attachment":[{"href":"https:\/\/www.skk-soest.de\/en\/wp-json\/wp\/v2\/media?parent=1340"}],"wp:term":[{"taxonomy":"product_brand","embeddable":true,"href":"https:\/\/www.skk-soest.de\/en\/wp-json\/wp\/v2\/product_brand?post=1340"},{"taxonomy":"product_cat","embeddable":true,"href":"https:\/\/www.skk-soest.de\/en\/wp-json\/wp\/v2\/product_cat?post=1340"},{"taxonomy":"product_tag","embeddable":true,"href":"https:\/\/www.skk-soest.de\/en\/wp-json\/wp\/v2\/product_tag?post=1340"}],"curies":[{"name":"wp","href":"https:\/\/api.w.org\/{rel}","templated":true}]}}