{"id":2497,"date":"2020-03-18T12:10:44","date_gmt":"2020-03-18T11:10:44","guid":{"rendered":"http:\/\/www.skk-soest.de\/?post_type=product&#038;p=2497"},"modified":"2021-12-15T13:40:38","modified_gmt":"2021-12-15T12:40:38","slug":"katalog-anton-quiring-l-ausrichtung","status":"publish","type":"product","link":"https:\/\/www.skk-soest.de\/en\/Produkt\/katalog-anton-quiring-l-ausrichtung\/","title":{"rendered":"Anton Quiring l AUSRICHTUNG"},"content":{"rendered":"<p>Katalog zur Ausstellung Anton Quiring l AUSRICHTUNG im RAUM SCHROTH im Museum Wilhelm Morgner Soest.<\/p>\n<p>Das Werk von Anton Quiring ist gepr\u00e4gt durch die Verwendung voneinfachen Materialien, er arbeitet mit ihnen in den Raum hinein. Die Ausstellung ist ein k\u00fcnstlerische Komposition mit Objekten f\u00fcr diese Zeit an diesem Ort. Der Raum besitzt die gleiche Wertigkeit wie die darin installierten Arbeiten. Der K\u00fcnstler nutzt verf\u00fcgbares Material und seziert es geradezu \u2013 nutzt die Materialit\u00e4t in ihrem reinen Charakter. Der Mensch und sein Umfeld wird analytisch ergr\u00fcndet.<\/p>\n<p>Softcover &#8211; 38 Seiten<\/p>\n","protected":false},"excerpt":{"rendered":"<p>Katalog zur Ausstellung Anton Quiring l AUSRICHTUNG im RAUM SCHROTH im Museum Wilhelm Morgner Soest.<\/p>\n","protected":false},"featured_media":2498,"template":"","meta":{"ngg_post_thumbnail":0},"product_brand":[],"product_cat":[57],"product_tag":[],"class_list":{"0":"post-2497","1":"product","2":"type-product","3":"status-publish","4":"has-post-thumbnail","6":"product_cat-unkategorisiert","7":"product_shipping_class-dw","9":"first","10":"instock","11":"shipping-taxable","12":"purchasable","13":"product-type-simple"},"translation":{"provider":"WPGlobus","version":"3.0.2","language":"en","enabled_languages":["de","en"],"languages":{"de":{"title":true,"content":true,"excerpt":true},"en":{"title":false,"content":false,"excerpt":false}}},"_links":{"self":[{"href":"https:\/\/www.skk-soest.de\/en\/wp-json\/wp\/v2\/product\/2497","targetHints":{"allow":["GET"]}}],"collection":[{"href":"https:\/\/www.skk-soest.de\/en\/wp-json\/wp\/v2\/product"}],"about":[{"href":"https:\/\/www.skk-soest.de\/en\/wp-json\/wp\/v2\/types\/product"}],"wp:featuredmedia":[{"embeddable":true,"href":"https:\/\/www.skk-soest.de\/en\/wp-json\/wp\/v2\/media\/2498"}],"wp:attachment":[{"href":"https:\/\/www.skk-soest.de\/en\/wp-json\/wp\/v2\/media?parent=2497"}],"wp:term":[{"taxonomy":"product_brand","embeddable":true,"href":"https:\/\/www.skk-soest.de\/en\/wp-json\/wp\/v2\/product_brand?post=2497"},{"taxonomy":"product_cat","embeddable":true,"href":"https:\/\/www.skk-soest.de\/en\/wp-json\/wp\/v2\/product_cat?post=2497"},{"taxonomy":"product_tag","embeddable":true,"href":"https:\/\/www.skk-soest.de\/en\/wp-json\/wp\/v2\/product_tag?post=2497"}],"curies":[{"name":"wp","href":"https:\/\/api.w.org\/{rel}","templated":true}]}}