{"id":2609,"date":"2020-07-14T11:24:19","date_gmt":"2020-07-14T09:24:19","guid":{"rendered":"http:\/\/www.skk-soest.de\/?post_type=product&#038;p=2609"},"modified":"2024-04-22T16:36:29","modified_gmt":"2024-04-22T14:36:29","slug":"katalog-hellweg-konkret-ii-l-dialoge","status":"publish","type":"product","link":"https:\/\/www.skk-soest.de\/en\/Produkt\/katalog-hellweg-konkret-ii-l-dialoge\/","title":{"rendered":"Hellweg Konkret II l DIALOGE"},"content":{"rendered":"<p>Katalog zur Ausstellung Hellweg Konkret II l DIALOGE im RAUM SCHROTH im Museum Wilhelm Morgner Soest.<\/p>\n<p>Die Soester Auftaktausstellung der Reihe Hellweg Konkret II bringt vier K\u00fcnstler zusammen, die das Thema der Farbe auf der Leinwand verhandeln. Die formale Reduktion auf die Fl\u00e4che steht dabei einer beeindruckenden Vielfalt von wirkungsvollen Kontrasten, unterschiedlichem Farbauftrag und daraus resultierenden Oberfl\u00e4chenstrukturen gegen\u00fcber. DIALOGE entfalten sich zwischen den Werken des 85-j\u00e4hrigen, in Soest lebenden Jo Kuhn und drei internationa\u00adlen K\u00fcnstlern der j\u00fcngeren Generation \u2013 Callum Innes (GB), Andr\u00e1s G\u00e1l (HU) und Philippe Chitarrini (FR).<\/p>\n<p>Softcover &#8211; 110 Seiten<\/p>\n","protected":false},"excerpt":{"rendered":"<p>Katalog zur Ausstellung Hellweg Konkret II l DIALOGE im RAUM SCHROTH im Museum Wilhelm Morgner Soest.<\/p>\n","protected":false},"featured_media":2813,"template":"","meta":{"ngg_post_thumbnail":0},"product_brand":[],"product_cat":[144,57],"product_tag":[],"class_list":{"0":"post-2609","1":"product","2":"type-product","3":"status-publish","4":"has-post-thumbnail","6":"product_cat-kataloge-hellweg-konkret","7":"product_cat-unkategorisiert","8":"product_shipping_class-dw","10":"first","11":"instock","12":"shipping-taxable","13":"purchasable","14":"product-type-simple"},"translation":{"provider":"WPGlobus","version":"3.0.2","language":"en","enabled_languages":["de","en"],"languages":{"de":{"title":true,"content":true,"excerpt":true},"en":{"title":false,"content":false,"excerpt":false}}},"_links":{"self":[{"href":"https:\/\/www.skk-soest.de\/en\/wp-json\/wp\/v2\/product\/2609","targetHints":{"allow":["GET"]}}],"collection":[{"href":"https:\/\/www.skk-soest.de\/en\/wp-json\/wp\/v2\/product"}],"about":[{"href":"https:\/\/www.skk-soest.de\/en\/wp-json\/wp\/v2\/types\/product"}],"wp:featuredmedia":[{"embeddable":true,"href":"https:\/\/www.skk-soest.de\/en\/wp-json\/wp\/v2\/media\/2813"}],"wp:attachment":[{"href":"https:\/\/www.skk-soest.de\/en\/wp-json\/wp\/v2\/media?parent=2609"}],"wp:term":[{"taxonomy":"product_brand","embeddable":true,"href":"https:\/\/www.skk-soest.de\/en\/wp-json\/wp\/v2\/product_brand?post=2609"},{"taxonomy":"product_cat","embeddable":true,"href":"https:\/\/www.skk-soest.de\/en\/wp-json\/wp\/v2\/product_cat?post=2609"},{"taxonomy":"product_tag","embeddable":true,"href":"https:\/\/www.skk-soest.de\/en\/wp-json\/wp\/v2\/product_tag?post=2609"}],"curies":[{"name":"wp","href":"https:\/\/api.w.org\/{rel}","templated":true}]}}